{"id":239497,"date":"2024-09-29T05:40:10","date_gmt":"2024-09-29T05:40:10","guid":{"rendered":"https:\/\/irankiuzona.lt\/product\/kliju-lazdeles-300-mm-5-kg-permatomos\/"},"modified":"2026-04-08T05:52:53","modified_gmt":"2026-04-08T05:52:53","slug":"kliju-lazdeles-300-mm-5-kg-permatomos","status":"publish","type":"product","link":"https:\/\/irankiuzona.lt\/ru\/product\/kliju-lazdeles-300-mm-5-kg-permatomos\/","title":{"rendered":"Klij\u0173 lazdel\u0117s  300 mm, 5 kg, permatomos"},"content":{"rendered":"<p>Kar\u0161to lydalo klijai. Puikus sukibimas su daugeliu pagrind\u0173, \u012fskaitant medien\u0105, tekstil\u0119, plastikinius lak\u0161tus, popieri\u0173, karton\u0105, plastik\u0105, keramik\u0105 ir od\u0105.<\/p>","protected":false},"excerpt":{"rendered":"<p>Klij\u0173 lazdel\u0117s\u00a0 300 mm, 5 kg, permatomos<\/p>","protected":false},"featured_media":239499,"comment_status":"open","ping_status":"open","template":"","meta":[],"product_cat":[9823],"product_tag":[9969],"class_list":{"0":"post-239497","1":"product","2":"type-product","3":"status-publish","4":"has-post-thumbnail","6":"product_brand-hogert-technik-vokietija","7":"product_cat-kliju-pistoletai-ir-klijai","8":"product_tag-hogert-technik-vokietija","10":"first","11":"instock","12":"purchasable","13":"product-type-simple"},"jetpack_sharing_enabled":true,"_links":{"self":[{"href":"https:\/\/irankiuzona.lt\/ru\/wp-json\/wp\/v2\/product\/239497","targetHints":{"allow":["GET"]}}],"collection":[{"href":"https:\/\/irankiuzona.lt\/ru\/wp-json\/wp\/v2\/product"}],"about":[{"href":"https:\/\/irankiuzona.lt\/ru\/wp-json\/wp\/v2\/types\/product"}],"replies":[{"embeddable":true,"href":"https:\/\/irankiuzona.lt\/ru\/wp-json\/wp\/v2\/comments?post=239497"}],"version-history":[{"count":0,"href":"https:\/\/irankiuzona.lt\/ru\/wp-json\/wp\/v2\/product\/239497\/revisions"}],"wp:featuredmedia":[{"embeddable":true,"href":"https:\/\/irankiuzona.lt\/ru\/wp-json\/wp\/v2\/media\/239499"}],"wp:attachment":[{"href":"https:\/\/irankiuzona.lt\/ru\/wp-json\/wp\/v2\/media?parent=239497"}],"wp:term":[{"taxonomy":"product_cat","embeddable":true,"href":"https:\/\/irankiuzona.lt\/ru\/wp-json\/wp\/v2\/product_cat?post=239497"},{"taxonomy":"product_tag","embeddable":true,"href":"https:\/\/irankiuzona.lt\/ru\/wp-json\/wp\/v2\/product_tag?post=239497"}],"curies":[{"name":"wp","href":"https:\/\/api.w.org\/{rel}","templated":true}]}}