{"id":239553,"date":"2024-09-29T05:40:16","date_gmt":"2024-09-29T05:40:16","guid":{"rendered":"https:\/\/irankiuzona.lt\/product\/skaldymo-kirvis-2000-g\/"},"modified":"2026-04-08T05:54:08","modified_gmt":"2026-04-08T05:54:08","slug":"skaldymo-kirvis-2000-g","status":"publish","type":"product","link":"https:\/\/irankiuzona.lt\/ru\/product\/skaldymo-kirvis-2000-g\/","title":{"rendered":"Skaldymo kirvis 2000 g"},"content":{"rendered":"<p>kaltin\u0117 galvut\u0117<br \/>\npagaminta i\u0161 plieno, gr\u016bdinta, a\u0161men\u0173 kietumas 47-55 HRC<br \/>\nrankena apsaugota nuo UV spinduli\u0173 ir dr\u0117gm\u0117s<br \/>\npagaminta pagal DIN 5131<\/p>","protected":false},"excerpt":{"rendered":"<p>Skaldymo kirvis 2000 g<\/p>","protected":false},"featured_media":239555,"comment_status":"open","ping_status":"open","template":"","meta":[],"product_cat":[9457],"product_tag":[9969],"class_list":{"0":"post-239553","1":"product","2":"type-product","3":"status-publish","4":"has-post-thumbnail","6":"product_brand-hogert-technik-vokietija","7":"product_cat-kirviai-kalunai-pleistai","8":"product_tag-hogert-technik-vokietija","10":"first","11":"outofstock","12":"purchasable","13":"product-type-simple"},"jetpack_sharing_enabled":true,"_links":{"self":[{"href":"https:\/\/irankiuzona.lt\/ru\/wp-json\/wp\/v2\/product\/239553","targetHints":{"allow":["GET"]}}],"collection":[{"href":"https:\/\/irankiuzona.lt\/ru\/wp-json\/wp\/v2\/product"}],"about":[{"href":"https:\/\/irankiuzona.lt\/ru\/wp-json\/wp\/v2\/types\/product"}],"replies":[{"embeddable":true,"href":"https:\/\/irankiuzona.lt\/ru\/wp-json\/wp\/v2\/comments?post=239553"}],"version-history":[{"count":0,"href":"https:\/\/irankiuzona.lt\/ru\/wp-json\/wp\/v2\/product\/239553\/revisions"}],"wp:featuredmedia":[{"embeddable":true,"href":"https:\/\/irankiuzona.lt\/ru\/wp-json\/wp\/v2\/media\/239555"}],"wp:attachment":[{"href":"https:\/\/irankiuzona.lt\/ru\/wp-json\/wp\/v2\/media?parent=239553"}],"wp:term":[{"taxonomy":"product_cat","embeddable":true,"href":"https:\/\/irankiuzona.lt\/ru\/wp-json\/wp\/v2\/product_cat?post=239553"},{"taxonomy":"product_tag","embeddable":true,"href":"https:\/\/irankiuzona.lt\/ru\/wp-json\/wp\/v2\/product_tag?post=239553"}],"curies":[{"name":"wp","href":"https:\/\/api.w.org\/{rel}","templated":true}]}}