{"id":239564,"date":"2024-09-29T05:40:18","date_gmt":"2024-09-29T05:40:18","guid":{"rendered":"https:\/\/irankiuzona.lt\/product\/skardos-zirkels-250-mm-kairines\/"},"modified":"2026-04-13T11:21:12","modified_gmt":"2026-04-13T11:21:12","slug":"skardos-zirkels-250-mm-kairines","status":"publish","type":"product","link":"https:\/\/irankiuzona.lt\/ru\/product\/skardos-zirkels-250-mm-kairines\/","title":{"rendered":"Skardos \u017eirk\u0117ls 250 mm, kairin\u0117s"},"content":{"rendered":"<p>Skardos \u017eirkl\u0117s iki 1,5 mm lak\u0161t\u0173 pjaustymui i\u0161 plieno, aliuminio, plastiko, vielos tinklo,ir pana\u0161i\u0173 med\u017eiag\u0173.. chromo-molibdeno, \u0161iek tiek dantytos pjovimo briaunos u\u017etikrina didesn\u012f darbo tikslum\u0105. Indukcija gr\u016bdintos pjovimo briaunos, kuri\u0173 kietumas 60-62 HRC. nukaltos. atsparios deformacijoms. fiksavimo mechanizmas. dviej\u0173 med\u017eiag\u0173, profiliuota, neslystanti rankena patogiam sukibimui ir \u012frankio naudojimui. pagamintas pagal DIN 6438<\/p>","protected":false},"excerpt":{"rendered":"<p>Skardos \u017eirk\u0117ls 250 mm, kairin\u0117s<\/p>","protected":false},"featured_media":239566,"comment_status":"open","ping_status":"open","template":"","meta":[],"product_cat":[9995],"product_tag":[9969],"class_list":{"0":"post-239564","1":"product","2":"type-product","3":"status-publish","4":"has-post-thumbnail","6":"product_brand-hogert-technik-vokietija","7":"product_cat-reples-repliu-komplektai-zirkles-skardai-specializuotos-reples","8":"product_tag-hogert-technik-vokietija","10":"first","11":"instock","12":"purchasable","13":"product-type-simple"},"jetpack_sharing_enabled":true,"_links":{"self":[{"href":"https:\/\/irankiuzona.lt\/ru\/wp-json\/wp\/v2\/product\/239564","targetHints":{"allow":["GET"]}}],"collection":[{"href":"https:\/\/irankiuzona.lt\/ru\/wp-json\/wp\/v2\/product"}],"about":[{"href":"https:\/\/irankiuzona.lt\/ru\/wp-json\/wp\/v2\/types\/product"}],"replies":[{"embeddable":true,"href":"https:\/\/irankiuzona.lt\/ru\/wp-json\/wp\/v2\/comments?post=239564"}],"version-history":[{"count":1,"href":"https:\/\/irankiuzona.lt\/ru\/wp-json\/wp\/v2\/product\/239564\/revisions"}],"predecessor-version":[{"id":414720,"href":"https:\/\/irankiuzona.lt\/ru\/wp-json\/wp\/v2\/product\/239564\/revisions\/414720"}],"wp:featuredmedia":[{"embeddable":true,"href":"https:\/\/irankiuzona.lt\/ru\/wp-json\/wp\/v2\/media\/239566"}],"wp:attachment":[{"href":"https:\/\/irankiuzona.lt\/ru\/wp-json\/wp\/v2\/media?parent=239564"}],"wp:term":[{"taxonomy":"product_cat","embeddable":true,"href":"https:\/\/irankiuzona.lt\/ru\/wp-json\/wp\/v2\/product_cat?post=239564"},{"taxonomy":"product_tag","embeddable":true,"href":"https:\/\/irankiuzona.lt\/ru\/wp-json\/wp\/v2\/product_tag?post=239564"}],"curies":[{"name":"wp","href":"https:\/\/api.w.org\/{rel}","templated":true}]}}