{"id":239690,"date":"2024-09-29T05:40:30","date_gmt":"2024-09-29T05:40:30","guid":{"rendered":"https:\/\/irankiuzona.lt\/product\/spyruoklinis-spaustukas-165-mm\/"},"modified":"2026-04-07T23:13:59","modified_gmt":"2026-04-07T23:13:59","slug":"spyruoklinis-spaustukas-165-mm","status":"publish","type":"product","link":"https:\/\/irankiuzona.lt\/ru\/product\/spyruoklinis-spaustukas-165-mm\/","title":{"rendered":"Spyruoklinis spaustukas 165 mm"},"content":{"rendered":"<p>Spyruoklinis spaustukas, puikiai tinkantis suspausti atsargines dalis.Naudojamas klijuojant ar tvirtinant med\u017eiagas atliekant dailid\u0117s ar santechnikos darbus.<br \/>\n. patvari plienin\u0117 spyruokl\u0117. pavir\u0161iai valdomi specialiu \u017eandikaulio laikikliu. maksimalus prispaustos med\u017eiagos storis: apytiksl. 60 mm<\/p>","protected":false},"excerpt":{"rendered":"<p>Spyruoklinis spaustukas 165 mm<\/p>","protected":false},"featured_media":239692,"comment_status":"open","ping_status":"open","template":"","meta":[],"product_cat":[9720],"product_tag":[9969],"class_list":{"0":"post-239690","1":"product","2":"type-product","3":"status-publish","4":"has-post-thumbnail","6":"product_brand-hogert-technik-vokietija","7":"product_cat-rankiniai-spaustuvai","8":"product_tag-hogert-technik-vokietija","10":"first","11":"instock","12":"purchasable","13":"product-type-simple"},"jetpack_sharing_enabled":true,"_links":{"self":[{"href":"https:\/\/irankiuzona.lt\/ru\/wp-json\/wp\/v2\/product\/239690","targetHints":{"allow":["GET"]}}],"collection":[{"href":"https:\/\/irankiuzona.lt\/ru\/wp-json\/wp\/v2\/product"}],"about":[{"href":"https:\/\/irankiuzona.lt\/ru\/wp-json\/wp\/v2\/types\/product"}],"replies":[{"embeddable":true,"href":"https:\/\/irankiuzona.lt\/ru\/wp-json\/wp\/v2\/comments?post=239690"}],"version-history":[{"count":0,"href":"https:\/\/irankiuzona.lt\/ru\/wp-json\/wp\/v2\/product\/239690\/revisions"}],"wp:featuredmedia":[{"embeddable":true,"href":"https:\/\/irankiuzona.lt\/ru\/wp-json\/wp\/v2\/media\/239692"}],"wp:attachment":[{"href":"https:\/\/irankiuzona.lt\/ru\/wp-json\/wp\/v2\/media?parent=239690"}],"wp:term":[{"taxonomy":"product_cat","embeddable":true,"href":"https:\/\/irankiuzona.lt\/ru\/wp-json\/wp\/v2\/product_cat?post=239690"},{"taxonomy":"product_tag","embeddable":true,"href":"https:\/\/irankiuzona.lt\/ru\/wp-json\/wp\/v2\/product_tag?post=239690"}],"curies":[{"name":"wp","href":"https:\/\/api.w.org\/{rel}","templated":true}]}}