{"id":239696,"date":"2024-09-29T05:40:30","date_gmt":"2024-09-29T05:40:30","guid":{"rendered":"https:\/\/irankiuzona.lt\/product\/metalinis-pjuklas-300-mm\/"},"modified":"2026-04-22T02:34:28","modified_gmt":"2026-04-22T02:34:28","slug":"metalinis-pjuklas-300-mm","status":"publish","type":"product","link":"https:\/\/irankiuzona.lt\/ru\/product\/metalinis-pjuklas-300-mm\/","title":{"rendered":"Metalinis pj\u016bklas 300 mm"},"content":{"rendered":"<p>Pj\u016bklas skirtas metalui, gele\u017eies lydiniams ir plastikams pjauti.<br \/>\n&#8211; polimerin\u0117 danga, ergonomi\u0161ka rankena ir patvarus ir standus peiliukas su gr\u016bdintais dantimis garantuoja patikim\u0105 sukibim\u0105 ir tiksl\u0173 pjovim\u0105<br \/>\n&#8211; aliuminio r\u0117mas, u\u017etikrinantis tvirtum\u0105 ir atsparum\u0105 korozijai<br \/>\n&#8211; lengvas, be \u012franki\u0173 kei\u010diamais a\u0161menimis<\/p>","protected":false},"excerpt":{"rendered":"<p>Metalinis pj\u016bklas 300 mm<\/p>","protected":false},"featured_media":239698,"comment_status":"open","ping_status":"open","template":"","meta":[],"product_cat":[9997],"product_tag":[9969],"class_list":{"0":"post-239696","1":"product","2":"type-product","3":"status-publish","4":"has-post-thumbnail","6":"product_brand-hogert-technik-vokietija","7":"product_cat-pjuklai-pjovimo-dezutes-briaunu-nuemejai","8":"product_tag-hogert-technik-vokietija","10":"first","11":"instock","12":"purchasable","13":"product-type-simple"},"jetpack_sharing_enabled":true,"_links":{"self":[{"href":"https:\/\/irankiuzona.lt\/ru\/wp-json\/wp\/v2\/product\/239696","targetHints":{"allow":["GET"]}}],"collection":[{"href":"https:\/\/irankiuzona.lt\/ru\/wp-json\/wp\/v2\/product"}],"about":[{"href":"https:\/\/irankiuzona.lt\/ru\/wp-json\/wp\/v2\/types\/product"}],"replies":[{"embeddable":true,"href":"https:\/\/irankiuzona.lt\/ru\/wp-json\/wp\/v2\/comments?post=239696"}],"version-history":[{"count":1,"href":"https:\/\/irankiuzona.lt\/ru\/wp-json\/wp\/v2\/product\/239696\/revisions"}],"predecessor-version":[{"id":414764,"href":"https:\/\/irankiuzona.lt\/ru\/wp-json\/wp\/v2\/product\/239696\/revisions\/414764"}],"wp:featuredmedia":[{"embeddable":true,"href":"https:\/\/irankiuzona.lt\/ru\/wp-json\/wp\/v2\/media\/239698"}],"wp:attachment":[{"href":"https:\/\/irankiuzona.lt\/ru\/wp-json\/wp\/v2\/media?parent=239696"}],"wp:term":[{"taxonomy":"product_cat","embeddable":true,"href":"https:\/\/irankiuzona.lt\/ru\/wp-json\/wp\/v2\/product_cat?post=239696"},{"taxonomy":"product_tag","embeddable":true,"href":"https:\/\/irankiuzona.lt\/ru\/wp-json\/wp\/v2\/product_tag?post=239696"}],"curies":[{"name":"wp","href":"https:\/\/api.w.org\/{rel}","templated":true}]}}