{"id":239702,"date":"2024-09-29T05:40:30","date_gmt":"2024-09-29T05:40:30","guid":{"rendered":"https:\/\/irankiuzona.lt\/product\/pjuklo-geleztes-300-mm-18tpi-hss-bi-metallic-2-vnt\/"},"modified":"2026-04-21T20:29:00","modified_gmt":"2026-04-21T20:29:00","slug":"pjuklo-geleztes-300-mm-18tpi-hss-bi-metallic-2-vnt","status":"publish","type":"product","link":"https:\/\/irankiuzona.lt\/ru\/product\/pjuklo-geleztes-300-mm-18tpi-hss-bi-metallic-2-vnt\/","title":{"rendered":"Pj\u016bklo gele\u017et\u0117s 300 mm, 18TPI, HSS, Bi-metallic, 2 vnt."},"content":{"rendered":"<p>Skirtas rankiniams pj\u016bklams su kei\u010diamais peiliukais.<br \/>\n&#8211; bimetaliniai<br \/>\n&#8211; M42 + 6150<br \/>\n&#8211; dantyti a\u0161menys i\u0161 greitapjovio plieno, praturtinto 8% kobalto priedu<br \/>\n&#8211; a\u0161men\u0173 kietumas: 58-64 HRC<br \/>\n&#8211; dant\u0173 tankis: 18 TPI (HT3S285) ir 24 TPI ( HT3S286)<\/p>","protected":false},"excerpt":{"rendered":"<p>Pj\u016bklo gele\u017et\u0117s 300 mm, 18TPI, HSS, Bi-metallic, 2 vnt.<\/p>","protected":false},"featured_media":239704,"comment_status":"open","ping_status":"open","template":"","meta":[],"product_cat":[9997],"product_tag":[9969],"class_list":{"0":"post-239702","1":"product","2":"type-product","3":"status-publish","4":"has-post-thumbnail","6":"product_brand-hogert-technik-vokietija","7":"product_cat-pjuklai-pjovimo-dezutes-briaunu-nuemejai","8":"product_tag-hogert-technik-vokietija","10":"first","11":"instock","12":"purchasable","13":"product-type-simple"},"jetpack_sharing_enabled":true,"_links":{"self":[{"href":"https:\/\/irankiuzona.lt\/ru\/wp-json\/wp\/v2\/product\/239702","targetHints":{"allow":["GET"]}}],"collection":[{"href":"https:\/\/irankiuzona.lt\/ru\/wp-json\/wp\/v2\/product"}],"about":[{"href":"https:\/\/irankiuzona.lt\/ru\/wp-json\/wp\/v2\/types\/product"}],"replies":[{"embeddable":true,"href":"https:\/\/irankiuzona.lt\/ru\/wp-json\/wp\/v2\/comments?post=239702"}],"version-history":[{"count":1,"href":"https:\/\/irankiuzona.lt\/ru\/wp-json\/wp\/v2\/product\/239702\/revisions"}],"predecessor-version":[{"id":414766,"href":"https:\/\/irankiuzona.lt\/ru\/wp-json\/wp\/v2\/product\/239702\/revisions\/414766"}],"wp:featuredmedia":[{"embeddable":true,"href":"https:\/\/irankiuzona.lt\/ru\/wp-json\/wp\/v2\/media\/239704"}],"wp:attachment":[{"href":"https:\/\/irankiuzona.lt\/ru\/wp-json\/wp\/v2\/media?parent=239702"}],"wp:term":[{"taxonomy":"product_cat","embeddable":true,"href":"https:\/\/irankiuzona.lt\/ru\/wp-json\/wp\/v2\/product_cat?post=239702"},{"taxonomy":"product_tag","embeddable":true,"href":"https:\/\/irankiuzona.lt\/ru\/wp-json\/wp\/v2\/product_tag?post=239702"}],"curies":[{"name":"wp","href":"https:\/\/api.w.org\/{rel}","templated":true}]}}