{"id":239708,"date":"2024-09-29T05:40:31","date_gmt":"2024-09-29T05:40:31","guid":{"rendered":"https:\/\/irankiuzona.lt\/product\/peiliukas-tapetams-9-mm\/"},"modified":"2026-04-07T23:14:04","modified_gmt":"2026-04-07T23:14:04","slug":"peiliukas-tapetams-9-mm","status":"publish","type":"product","link":"https:\/\/irankiuzona.lt\/ru\/product\/peiliukas-tapetams-9-mm\/","title":{"rendered":"Peiliukas tapetams 9 mm"},"content":{"rendered":"<p>SK5 didelio anglies spyruoklinio plieno gele\u017et\u0117, atspari l\u016b\u017eiams ir dro\u017el\u0117ms<br \/>\n&#8211; ergonomi\u0161ka plastikin\u0117 rankena su guminiais elementais, u\u017etikrinanti patikim\u0105 sukibim\u0105 ir patog\u0173 darb\u0105<br \/>\n&#8211; specialiai profiliuota rankena su smiliaus atrama, kad b\u016bt\u0173 galima stabiliai pjauti ir valdyti pjovimo spaudim\u0105<\/p>","protected":false},"excerpt":{"rendered":"<p>Peiliukas tapetams 9 mm<\/p>","protected":false},"featured_media":239710,"comment_status":"open","ping_status":"open","template":"","meta":[],"product_cat":[9998],"product_tag":[9969],"class_list":{"0":"post-239708","1":"product","2":"type-product","3":"status-publish","4":"has-post-thumbnail","6":"product_brand-hogert-technik-vokietija","7":"product_cat-patalpu-remonto-irankiai-maisai-tentai-peiliukai-markeriai-izoliacines-juostos","8":"product_tag-hogert-technik-vokietija","10":"first","11":"outofstock","12":"purchasable","13":"product-type-simple"},"jetpack_sharing_enabled":true,"_links":{"self":[{"href":"https:\/\/irankiuzona.lt\/ru\/wp-json\/wp\/v2\/product\/239708","targetHints":{"allow":["GET"]}}],"collection":[{"href":"https:\/\/irankiuzona.lt\/ru\/wp-json\/wp\/v2\/product"}],"about":[{"href":"https:\/\/irankiuzona.lt\/ru\/wp-json\/wp\/v2\/types\/product"}],"replies":[{"embeddable":true,"href":"https:\/\/irankiuzona.lt\/ru\/wp-json\/wp\/v2\/comments?post=239708"}],"version-history":[{"count":0,"href":"https:\/\/irankiuzona.lt\/ru\/wp-json\/wp\/v2\/product\/239708\/revisions"}],"wp:featuredmedia":[{"embeddable":true,"href":"https:\/\/irankiuzona.lt\/ru\/wp-json\/wp\/v2\/media\/239710"}],"wp:attachment":[{"href":"https:\/\/irankiuzona.lt\/ru\/wp-json\/wp\/v2\/media?parent=239708"}],"wp:term":[{"taxonomy":"product_cat","embeddable":true,"href":"https:\/\/irankiuzona.lt\/ru\/wp-json\/wp\/v2\/product_cat?post=239708"},{"taxonomy":"product_tag","embeddable":true,"href":"https:\/\/irankiuzona.lt\/ru\/wp-json\/wp\/v2\/product_tag?post=239708"}],"curies":[{"name":"wp","href":"https:\/\/api.w.org\/{rel}","templated":true}]}}