{"id":239729,"date":"2024-09-29T05:40:33","date_gmt":"2024-09-29T05:40:33","guid":{"rendered":"https:\/\/irankiuzona.lt\/product\/peiliuko-geleztes-9-mm-10vnt\/"},"modified":"2026-04-15T12:14:31","modified_gmt":"2026-04-15T12:14:31","slug":"peiliuko-geleztes-9-mm-10vnt","status":"publish","type":"product","link":"https:\/\/irankiuzona.lt\/ru\/product\/peiliuko-geleztes-9-mm-10vnt\/","title":{"rendered":"Peiliuko gele\u017et\u0117s 9 mm 10vnt."},"content":{"rendered":"<p>10 plienini\u0173 peili\u0173 rinkinys, skirtas i\u0161traukiamiems peiliams. Skirtas pjaustyti karton\u0105, tapetus, kilimus, brezent\u0105\u00a0ir pan. SK5 anglies\u00a0 plieno gele\u017et\u0117, atspari l\u016b\u017eiams ir dro\u017el\u0117ms &#8211; patogi plastikin\u0117 laikymo d\u0117\u017eut\u0117<\/p>","protected":false},"excerpt":{"rendered":"<p>Peiliuko gele\u017et\u0117s 9 mm<\/p>","protected":false},"featured_media":239731,"comment_status":"open","ping_status":"open","template":"","meta":[],"product_cat":[9998],"product_tag":[9969],"class_list":{"0":"post-239729","1":"product","2":"type-product","3":"status-publish","4":"has-post-thumbnail","6":"product_brand-hogert-technik-vokietija","7":"product_cat-patalpu-remonto-irankiai-maisai-tentai-peiliukai-markeriai-izoliacines-juostos","8":"product_tag-hogert-technik-vokietija","10":"first","11":"instock","12":"purchasable","13":"product-type-simple"},"jetpack_sharing_enabled":true,"_links":{"self":[{"href":"https:\/\/irankiuzona.lt\/ru\/wp-json\/wp\/v2\/product\/239729","targetHints":{"allow":["GET"]}}],"collection":[{"href":"https:\/\/irankiuzona.lt\/ru\/wp-json\/wp\/v2\/product"}],"about":[{"href":"https:\/\/irankiuzona.lt\/ru\/wp-json\/wp\/v2\/types\/product"}],"replies":[{"embeddable":true,"href":"https:\/\/irankiuzona.lt\/ru\/wp-json\/wp\/v2\/comments?post=239729"}],"version-history":[{"count":1,"href":"https:\/\/irankiuzona.lt\/ru\/wp-json\/wp\/v2\/product\/239729\/revisions"}],"predecessor-version":[{"id":414775,"href":"https:\/\/irankiuzona.lt\/ru\/wp-json\/wp\/v2\/product\/239729\/revisions\/414775"}],"wp:featuredmedia":[{"embeddable":true,"href":"https:\/\/irankiuzona.lt\/ru\/wp-json\/wp\/v2\/media\/239731"}],"wp:attachment":[{"href":"https:\/\/irankiuzona.lt\/ru\/wp-json\/wp\/v2\/media?parent=239729"}],"wp:term":[{"taxonomy":"product_cat","embeddable":true,"href":"https:\/\/irankiuzona.lt\/ru\/wp-json\/wp\/v2\/product_cat?post=239729"},{"taxonomy":"product_tag","embeddable":true,"href":"https:\/\/irankiuzona.lt\/ru\/wp-json\/wp\/v2\/product_tag?post=239729"}],"curies":[{"name":"wp","href":"https:\/\/api.w.org\/{rel}","templated":true}]}}