{"id":239732,"date":"2024-09-29T05:40:33","date_gmt":"2024-09-29T05:40:33","guid":{"rendered":"https:\/\/irankiuzona.lt\/product\/geleztes-18mm-10-vnt\/"},"modified":"2026-05-14T04:40:34","modified_gmt":"2026-05-14T04:40:34","slug":"geleztes-18mm-10-vnt","status":"publish","type":"product","link":"https:\/\/irankiuzona.lt\/ru\/product\/geleztes-18mm-10-vnt\/","title":{"rendered":"Gel\u0119\u017et\u0117s 18mm 10 vnt"},"content":{"rendered":"<p>Product description<br \/>\nA set of steel breakable blades used in pull-out knives. For cutting cardboard, wallpaper, carpets, tarpaulins,<br \/>\nprinting film, PVC film, etc.<br \/>\nSpecifications<br \/>\n&#8211; blade with increased resistance to cracking and chipping, made of high-carbon spring SK5 (HT4C662)<br \/>\nor SK4 (HT4C665) steel;<br \/>\n&#8211; supplied with 10 blades (HT4C662) or 50 blades (HT4C665);<br \/>\n&#8211; packed in a handy plastic box.<\/p>","protected":false},"excerpt":{"rendered":"<p>Gel\u0119\u017et\u0117s 18mm 10 vnt<\/p>","protected":false},"featured_media":239734,"comment_status":"open","ping_status":"open","template":"","meta":[],"product_cat":[9736],"product_tag":[9969],"class_list":{"0":"post-239732","1":"product","2":"type-product","3":"status-publish","4":"has-post-thumbnail","6":"product_brand-hogert-technik-vokietija","7":"product_cat-peiliukai-tapetams-geleztes-peiliai","8":"product_tag-hogert-technik-vokietija","10":"first","11":"instock","12":"purchasable","13":"product-type-simple"},"jetpack_sharing_enabled":true,"_links":{"self":[{"href":"https:\/\/irankiuzona.lt\/ru\/wp-json\/wp\/v2\/product\/239732","targetHints":{"allow":["GET"]}}],"collection":[{"href":"https:\/\/irankiuzona.lt\/ru\/wp-json\/wp\/v2\/product"}],"about":[{"href":"https:\/\/irankiuzona.lt\/ru\/wp-json\/wp\/v2\/types\/product"}],"replies":[{"embeddable":true,"href":"https:\/\/irankiuzona.lt\/ru\/wp-json\/wp\/v2\/comments?post=239732"}],"version-history":[{"count":1,"href":"https:\/\/irankiuzona.lt\/ru\/wp-json\/wp\/v2\/product\/239732\/revisions"}],"predecessor-version":[{"id":414776,"href":"https:\/\/irankiuzona.lt\/ru\/wp-json\/wp\/v2\/product\/239732\/revisions\/414776"}],"wp:featuredmedia":[{"embeddable":true,"href":"https:\/\/irankiuzona.lt\/ru\/wp-json\/wp\/v2\/media\/239734"}],"wp:attachment":[{"href":"https:\/\/irankiuzona.lt\/ru\/wp-json\/wp\/v2\/media?parent=239732"}],"wp:term":[{"taxonomy":"product_cat","embeddable":true,"href":"https:\/\/irankiuzona.lt\/ru\/wp-json\/wp\/v2\/product_cat?post=239732"},{"taxonomy":"product_tag","embeddable":true,"href":"https:\/\/irankiuzona.lt\/ru\/wp-json\/wp\/v2\/product_tag?post=239732"}],"curies":[{"name":"wp","href":"https:\/\/api.w.org\/{rel}","templated":true}]}}