{"id":239774,"date":"2024-09-29T05:40:38","date_gmt":"2024-09-29T05:40:38","guid":{"rendered":"https:\/\/irankiuzona.lt\/product\/rulete-magnetine-5m19mm-hoegert-ht4m433\/"},"modified":"2026-05-14T14:43:00","modified_gmt":"2026-05-14T14:43:00","slug":"rulete-magnetine-5m19mm-hoegert-ht4m433","status":"publish","type":"product","link":"https:\/\/irankiuzona.lt\/ru\/product\/rulete-magnetine-5m19mm-hoegert-ht4m433\/","title":{"rendered":"Rulet\u0117 magnetin\u0117 5m*19mm  HOEGERT HT4M433"},"content":{"rendered":"<p>\u201eHoegert Technik\u201c yra modernus ir dinami\u0161kai besivystantis profesionali\u0173 rankini\u0173 \u012franki\u0173 gamintojas. M\u016bs\u0173 produktai buvo sukurti intensyviam naudojimui ypatingai reikliems klientams. Hoegert Technik &#8211; patikimumas ir ilgaam\u017ei\u0161kumas. Techninis apra\u0161ymas: Universali plienin\u0117 rulet\u0117, pagaminta pagal ES Matavimo prietais\u0173 direktyv\u0105 (MID). Technin\u0117 charakteristika: &#8211; II klas\u0117s tikslumas; &#8211; rulet\u0117 turi stabdikl\u012f, kad b\u016bt\u0173 lengviau matuoti; &#8211; su sutvirtintu kabliu su dviem knied\u0117mis, laikan\u010diu rulet\u0119 i\u0161tiest\u0105 reikiamame ilgyje; &#8211; d\u0117l magnetinio galiuko galima matuoti tiesiai ant plieninio pavir\u0161iaus; &#8211; ergonomi\u0161kas korpusas pagamintas i\u0161 neslystan\u010dio plastiko \u2013 rulet\u0119 patogu suimti; &#8211; lanksti 0,125 mm storio plienin\u0117 juosta su ai\u0161kiomis padalomis; &#8211; automatinis juostos sugr\u0105\u017einimo mechanizmas; &#8211; ergonomi\u0161ka ir lengva; prisegimas prie dir\u017eo; &#8211; juosta padengta nailonu, d\u0117l kurio padid\u0117ja jos tvirtumas ir skai\u010di\u0173 atsparumas nusitrynimui.<\/p>","protected":false},"excerpt":{"rendered":"<p>Matavimo rulet\u0117 su magnetu 5m x 19 mm \/ MID certified<\/p>","protected":false},"featured_media":239776,"comment_status":"open","ping_status":"open","template":"","meta":[],"product_cat":[9849],"product_tag":[9969],"class_list":{"0":"post-239774","1":"product","2":"type-product","3":"status-publish","4":"has-post-thumbnail","6":"product_brand-hogert-technik-vokietija","7":"product_cat-ruletes","8":"product_tag-hogert-technik-vokietija","10":"first","11":"outofstock","12":"purchasable","13":"product-type-simple"},"jetpack_sharing_enabled":true,"_links":{"self":[{"href":"https:\/\/irankiuzona.lt\/ru\/wp-json\/wp\/v2\/product\/239774","targetHints":{"allow":["GET"]}}],"collection":[{"href":"https:\/\/irankiuzona.lt\/ru\/wp-json\/wp\/v2\/product"}],"about":[{"href":"https:\/\/irankiuzona.lt\/ru\/wp-json\/wp\/v2\/types\/product"}],"replies":[{"embeddable":true,"href":"https:\/\/irankiuzona.lt\/ru\/wp-json\/wp\/v2\/comments?post=239774"}],"version-history":[{"count":1,"href":"https:\/\/irankiuzona.lt\/ru\/wp-json\/wp\/v2\/product\/239774\/revisions"}],"predecessor-version":[{"id":414790,"href":"https:\/\/irankiuzona.lt\/ru\/wp-json\/wp\/v2\/product\/239774\/revisions\/414790"}],"wp:featuredmedia":[{"embeddable":true,"href":"https:\/\/irankiuzona.lt\/ru\/wp-json\/wp\/v2\/media\/239776"}],"wp:attachment":[{"href":"https:\/\/irankiuzona.lt\/ru\/wp-json\/wp\/v2\/media?parent=239774"}],"wp:term":[{"taxonomy":"product_cat","embeddable":true,"href":"https:\/\/irankiuzona.lt\/ru\/wp-json\/wp\/v2\/product_cat?post=239774"},{"taxonomy":"product_tag","embeddable":true,"href":"https:\/\/irankiuzona.lt\/ru\/wp-json\/wp\/v2\/product_tag?post=239774"}],"curies":[{"name":"wp","href":"https:\/\/api.w.org\/{rel}","templated":true}]}}