{"id":239900,"date":"2024-09-29T05:40:50","date_gmt":"2024-09-29T05:40:50","guid":{"rendered":"https:\/\/irankiuzona.lt\/product\/pistoletas-dazymui-100ml-talpos-hogert-ht4r718\/"},"modified":"2026-04-21T11:36:18","modified_gmt":"2026-04-21T11:36:18","slug":"pistoletas-dazymui-100ml-talpos-hogert-ht4r718","status":"publish","type":"product","link":"https:\/\/irankiuzona.lt\/ru\/product\/pistoletas-dazymui-100ml-talpos-hogert-ht4r718\/","title":{"rendered":"Pistoletas da\u017eymui 100ml talpos, HOGERT HT4R718"},"content":{"rendered":"<p>Na\u0161umas 70-110 ml\/min.\u00a0Bakelio talpa 100 ml. Purk\u0161tuko skersmuo 0,8 mm.\u00a0 Vidutinis oro suvartojimas\/\u012fleidimas 28-113 L\/min.\u00a0 Maksimalus \u012f\u0117jimo sl\u0117gis 30\/2 PSI\/BAR.\u00a0 1\/4&quot; greito montavimo jungtis. Oro ir pur\u0161kiam\u0173 med\u017eiag\u0173 reguliavimo valdymas. Labai tikslus med\u017eiagos padavimas. Neslystantis laikiklis. Lengvas ir patogus dizainas<\/p>","protected":false},"excerpt":{"rendered":"<p>Da\u017eymo pistoletas 100 ml talpos<\/p>","protected":false},"featured_media":239902,"comment_status":"open","ping_status":"open","template":"","meta":[],"product_cat":[10000],"product_tag":[9969],"class_list":{"0":"post-239900","1":"product","2":"type-product","3":"status-publish","4":"has-post-thumbnail","6":"product_brand-hogert-technik-vokietija","7":"product_cat-pneumatiniai-irankiai","8":"product_tag-hogert-technik-vokietija","10":"first","11":"instock","12":"purchasable","13":"product-type-simple"},"jetpack_sharing_enabled":true,"_links":{"self":[{"href":"https:\/\/irankiuzona.lt\/ru\/wp-json\/wp\/v2\/product\/239900","targetHints":{"allow":["GET"]}}],"collection":[{"href":"https:\/\/irankiuzona.lt\/ru\/wp-json\/wp\/v2\/product"}],"about":[{"href":"https:\/\/irankiuzona.lt\/ru\/wp-json\/wp\/v2\/types\/product"}],"replies":[{"embeddable":true,"href":"https:\/\/irankiuzona.lt\/ru\/wp-json\/wp\/v2\/comments?post=239900"}],"version-history":[{"count":1,"href":"https:\/\/irankiuzona.lt\/ru\/wp-json\/wp\/v2\/product\/239900\/revisions"}],"predecessor-version":[{"id":414833,"href":"https:\/\/irankiuzona.lt\/ru\/wp-json\/wp\/v2\/product\/239900\/revisions\/414833"}],"wp:featuredmedia":[{"embeddable":true,"href":"https:\/\/irankiuzona.lt\/ru\/wp-json\/wp\/v2\/media\/239902"}],"wp:attachment":[{"href":"https:\/\/irankiuzona.lt\/ru\/wp-json\/wp\/v2\/media?parent=239900"}],"wp:term":[{"taxonomy":"product_cat","embeddable":true,"href":"https:\/\/irankiuzona.lt\/ru\/wp-json\/wp\/v2\/product_cat?post=239900"},{"taxonomy":"product_tag","embeddable":true,"href":"https:\/\/irankiuzona.lt\/ru\/wp-json\/wp\/v2\/product_tag?post=239900"}],"curies":[{"name":"wp","href":"https:\/\/api.w.org\/{rel}","templated":true}]}}