{"id":239906,"date":"2024-09-29T05:40:51","date_gmt":"2024-09-29T05:40:51","guid":{"rendered":"https:\/\/irankiuzona.lt\/product\/padangu-priputimo-pistoletas-su-monometru-iki-12bar-hogert-ht4r757\/"},"modified":"2026-04-11T00:41:16","modified_gmt":"2026-04-11T00:41:16","slug":"padangu-priputimo-pistoletas-su-monometru-iki-12bar-hogert-ht4r757","status":"publish","type":"product","link":"https:\/\/irankiuzona.lt\/ru\/product\/padangu-priputimo-pistoletas-su-monometru-iki-12bar-hogert-ht4r757\/","title":{"rendered":"PADANG\u0172 PRIP\u016aTIMO PISTOLETAS SU MONOMETRU IKI 12BAR, HOGERT HT4R757"},"content":{"rendered":"<p>Pistoletas su manometruPrakti\u0161kas tiek buityje, tiek dirbtuv\u0117se ar automobili\u0173 servisuoseMaksimalus darbinis sl\u0117gis: 0-12 BAR\/0-174 PSI\u017darnos ilgis: 450 mm1\/4&quot; jungtisNeslystantis rankena<\/p>","protected":false},"excerpt":{"rendered":"<p>PADANG\u0172 PRIP\u016aTIMO PISTOLETAS SU MONOMETRU IKI 12BAR<\/p>","protected":false},"featured_media":239908,"comment_status":"open","ping_status":"open","template":"","meta":[],"product_cat":[9472],"product_tag":[9969],"class_list":{"0":"post-239906","1":"product","2":"type-product","3":"status-publish","4":"has-post-thumbnail","6":"product_brand-hogert-technik-vokietija","7":"product_cat-pistoletai-padangu-putimui","8":"product_tag-hogert-technik-vokietija","10":"first","11":"instock","12":"purchasable","13":"product-type-simple"},"jetpack_sharing_enabled":true,"_links":{"self":[{"href":"https:\/\/irankiuzona.lt\/ru\/wp-json\/wp\/v2\/product\/239906","targetHints":{"allow":["GET"]}}],"collection":[{"href":"https:\/\/irankiuzona.lt\/ru\/wp-json\/wp\/v2\/product"}],"about":[{"href":"https:\/\/irankiuzona.lt\/ru\/wp-json\/wp\/v2\/types\/product"}],"replies":[{"embeddable":true,"href":"https:\/\/irankiuzona.lt\/ru\/wp-json\/wp\/v2\/comments?post=239906"}],"version-history":[{"count":1,"href":"https:\/\/irankiuzona.lt\/ru\/wp-json\/wp\/v2\/product\/239906\/revisions"}],"predecessor-version":[{"id":414835,"href":"https:\/\/irankiuzona.lt\/ru\/wp-json\/wp\/v2\/product\/239906\/revisions\/414835"}],"wp:featuredmedia":[{"embeddable":true,"href":"https:\/\/irankiuzona.lt\/ru\/wp-json\/wp\/v2\/media\/239908"}],"wp:attachment":[{"href":"https:\/\/irankiuzona.lt\/ru\/wp-json\/wp\/v2\/media?parent=239906"}],"wp:term":[{"taxonomy":"product_cat","embeddable":true,"href":"https:\/\/irankiuzona.lt\/ru\/wp-json\/wp\/v2\/product_cat?post=239906"},{"taxonomy":"product_tag","embeddable":true,"href":"https:\/\/irankiuzona.lt\/ru\/wp-json\/wp\/v2\/product_tag?post=239906"}],"curies":[{"name":"wp","href":"https:\/\/api.w.org\/{rel}","templated":true}]}}