{"id":239977,"date":"2024-09-29T05:40:58","date_gmt":"2024-09-29T05:40:58","guid":{"rendered":"https:\/\/irankiuzona.lt\/product\/liemene-apsaugine-ce-eac-l-dydis\/"},"modified":"2026-05-09T09:07:39","modified_gmt":"2026-05-09T09:07:39","slug":"liemene-apsaugine-ce-eac-l-dydis","status":"publish","type":"product","link":"https:\/\/irankiuzona.lt\/ru\/product\/liemene-apsaugine-ce-eac-l-dydis\/","title":{"rendered":"Liemen\u0117 apsaugin\u0117 CE EAC L dydis"},"content":{"rendered":"<p>atitinka EN 20471;II apsaugos klas\u0117;pagamintas i\u0161 100% poliesterio;bazinis svoris: 120g\/m\u00b2;2 \u0161vies\u0105 atspindin\u010dios juostel\u0117s, kiekviena 5 cm plo\u010dio;Velcro u\u017esegimai;atspindin\u010di\u0173 med\u017eiag\u0173 atsparumas: 25 skalbimai 40\u00b0.<\/p>","protected":false},"excerpt":{"rendered":"<p>Liemen\u0117 apsaugin\u0117 CE EAC L dydis<\/p>","protected":false},"featured_media":239979,"comment_status":"open","ping_status":"open","template":"","meta":[],"product_cat":[10003],"product_tag":[9969],"class_list":{"0":"post-239977","1":"product","2":"type-product","3":"status-publish","4":"has-post-thumbnail","6":"product_brand-hogert-technik-vokietija","7":"product_cat-darbines-liemenes","8":"product_tag-hogert-technik-vokietija","10":"first","11":"instock","12":"purchasable","13":"product-type-simple"},"jetpack_sharing_enabled":true,"_links":{"self":[{"href":"https:\/\/irankiuzona.lt\/ru\/wp-json\/wp\/v2\/product\/239977","targetHints":{"allow":["GET"]}}],"collection":[{"href":"https:\/\/irankiuzona.lt\/ru\/wp-json\/wp\/v2\/product"}],"about":[{"href":"https:\/\/irankiuzona.lt\/ru\/wp-json\/wp\/v2\/types\/product"}],"replies":[{"embeddable":true,"href":"https:\/\/irankiuzona.lt\/ru\/wp-json\/wp\/v2\/comments?post=239977"}],"version-history":[{"count":1,"href":"https:\/\/irankiuzona.lt\/ru\/wp-json\/wp\/v2\/product\/239977\/revisions"}],"predecessor-version":[{"id":414859,"href":"https:\/\/irankiuzona.lt\/ru\/wp-json\/wp\/v2\/product\/239977\/revisions\/414859"}],"wp:featuredmedia":[{"embeddable":true,"href":"https:\/\/irankiuzona.lt\/ru\/wp-json\/wp\/v2\/media\/239979"}],"wp:attachment":[{"href":"https:\/\/irankiuzona.lt\/ru\/wp-json\/wp\/v2\/media?parent=239977"}],"wp:term":[{"taxonomy":"product_cat","embeddable":true,"href":"https:\/\/irankiuzona.lt\/ru\/wp-json\/wp\/v2\/product_cat?post=239977"},{"taxonomy":"product_tag","embeddable":true,"href":"https:\/\/irankiuzona.lt\/ru\/wp-json\/wp\/v2\/product_tag?post=239977"}],"curies":[{"name":"wp","href":"https:\/\/api.w.org\/{rel}","templated":true}]}}