{"id":240061,"date":"2024-09-29T05:50:08","date_gmt":"2024-09-29T05:50:08","guid":{"rendered":"https:\/\/irankiuzona.lt\/product\/darbo-svarkas-melynas-xxl-dydis\/"},"modified":"2026-03-31T08:03:51","modified_gmt":"2026-03-31T08:03:51","slug":"darbo-svarkas-melynas-xxl-dydis","status":"publish","type":"product","link":"https:\/\/irankiuzona.lt\/ru\/product\/darbo-svarkas-melynas-xxl-dydis\/","title":{"rendered":"Darbo \u0161varkas m\u0117lynas, XXL dydis"},"content":{"rendered":"<p>tvirto pynimo darbinis\u00a0\u0161varkas, audinio svoris 190 g\/m2;. papildomos si\u016bl\u0117s ir sutvirtinimai i\u0161 Oxford 300D med\u017eiagos (ant alk\u016bni\u0173 ir pe\u010di\u0173, apatin\u0117se ki\u0161en\u0117se irdidel\u0117 vir\u0161utin\u0117 ki\u0161en\u0117);. med\u017eiaga: 20% medviln\u0117, 80% poliesteris;. pagamintas pagal CE standart\u0105;. u\u017esegamas u\u017etrauktuku u\u017esegamas klostele;. ventiliacijos angos;. su 7 ki\u0161en\u0117mis:- 2 \u0161onin\u0117s ki\u0161en\u0117s su velcro u\u017esegimu- 2 gilios, atviros ki\u0161en\u0117s \u0161onuose- 1 funkcionali kr\u016btin\u0117s ki\u0161en\u0117 su Velcro atvartu- 1 ki\u0161en\u0117 prie kr\u016btin\u0117s mobiliajam telefonui su Velcro atvartu- 1 ma\u017eesn\u0117 ir siaura atvira ki\u0161en\u0117, pvz., ra\u0161ikliui;. rankovi\u0173 galuose rai\u0161teliai;. tamsiai m\u0117lyna spalva su pilkais akcentais;. mink\u0161ta med\u017eiaga ir patogus kirpimas garantuoja naudojimo patogum\u0105.<\/p>","protected":false},"excerpt":{"rendered":"<p>Darbo \u0161varkas m\u0117lynos spalvos &#8211; 2XL dyd\u017eio (190 g\/m2)<\/p>","protected":false},"featured_media":240063,"comment_status":"open","ping_status":"open","template":"","meta":[],"product_cat":[10007],"product_tag":[9969],"class_list":{"0":"post-240061","1":"product","2":"type-product","3":"status-publish","4":"has-post-thumbnail","6":"product_brand-hogert-technik-vokietija","7":"product_cat-darbiniai-svarkai","8":"product_tag-hogert-technik-vokietija","10":"first","11":"outofstock","12":"purchasable","13":"product-type-simple"},"jetpack_sharing_enabled":true,"_links":{"self":[{"href":"https:\/\/irankiuzona.lt\/ru\/wp-json\/wp\/v2\/product\/240061","targetHints":{"allow":["GET"]}}],"collection":[{"href":"https:\/\/irankiuzona.lt\/ru\/wp-json\/wp\/v2\/product"}],"about":[{"href":"https:\/\/irankiuzona.lt\/ru\/wp-json\/wp\/v2\/types\/product"}],"replies":[{"embeddable":true,"href":"https:\/\/irankiuzona.lt\/ru\/wp-json\/wp\/v2\/comments?post=240061"}],"version-history":[{"count":1,"href":"https:\/\/irankiuzona.lt\/ru\/wp-json\/wp\/v2\/product\/240061\/revisions"}],"predecessor-version":[{"id":414879,"href":"https:\/\/irankiuzona.lt\/ru\/wp-json\/wp\/v2\/product\/240061\/revisions\/414879"}],"wp:featuredmedia":[{"embeddable":true,"href":"https:\/\/irankiuzona.lt\/ru\/wp-json\/wp\/v2\/media\/240063"}],"wp:attachment":[{"href":"https:\/\/irankiuzona.lt\/ru\/wp-json\/wp\/v2\/media?parent=240061"}],"wp:term":[{"taxonomy":"product_cat","embeddable":true,"href":"https:\/\/irankiuzona.lt\/ru\/wp-json\/wp\/v2\/product_cat?post=240061"},{"taxonomy":"product_tag","embeddable":true,"href":"https:\/\/irankiuzona.lt\/ru\/wp-json\/wp\/v2\/product_tag?post=240061"}],"curies":[{"name":"wp","href":"https:\/\/api.w.org\/{rel}","templated":true}]}}