{"id":240112,"date":"2024-09-29T05:50:13","date_gmt":"2024-09-29T05:50:13","guid":{"rendered":"https:\/\/irankiuzona.lt\/product\/graztas-metalui-su-5-kobaltu-1-0mm-2vnt\/"},"modified":"2026-04-16T14:15:35","modified_gmt":"2026-04-16T14:15:35","slug":"graztas-metalui-su-5-kobaltu-1-0mm-2vnt","status":"publish","type":"product","link":"https:\/\/irankiuzona.lt\/ru\/product\/graztas-metalui-su-5-kobaltu-1-0mm-2vnt\/","title":{"rendered":"Gr\u0105\u017etas metalui su 5% kobaltu, 1.0mm, 2vnt."},"content":{"rendered":"<p>Profesionalus sukamas gr\u0105\u017etas su 5% kobalto priedu.<\/p>","protected":false},"excerpt":{"rendered":"<p>Gr\u0105\u017etas metalui su 5% kobaltu, 1.0mm, 2vnt.<\/p>","protected":false},"featured_media":240114,"comment_status":"open","ping_status":"open","template":"","meta":[],"product_cat":[10009],"product_tag":[9969],"class_list":{"0":"post-240112","1":"product","2":"type-product","3":"status-publish","4":"has-post-thumbnail","6":"product_brand-hogert-technik-vokietija","7":"product_cat-graztai-metalui","8":"product_tag-hogert-technik-vokietija","10":"first","11":"instock","12":"purchasable","13":"product-type-simple"},"jetpack_sharing_enabled":true,"_links":{"self":[{"href":"https:\/\/irankiuzona.lt\/ru\/wp-json\/wp\/v2\/product\/240112","targetHints":{"allow":["GET"]}}],"collection":[{"href":"https:\/\/irankiuzona.lt\/ru\/wp-json\/wp\/v2\/product"}],"about":[{"href":"https:\/\/irankiuzona.lt\/ru\/wp-json\/wp\/v2\/types\/product"}],"replies":[{"embeddable":true,"href":"https:\/\/irankiuzona.lt\/ru\/wp-json\/wp\/v2\/comments?post=240112"}],"version-history":[{"count":1,"href":"https:\/\/irankiuzona.lt\/ru\/wp-json\/wp\/v2\/product\/240112\/revisions"}],"predecessor-version":[{"id":414896,"href":"https:\/\/irankiuzona.lt\/ru\/wp-json\/wp\/v2\/product\/240112\/revisions\/414896"}],"wp:featuredmedia":[{"embeddable":true,"href":"https:\/\/irankiuzona.lt\/ru\/wp-json\/wp\/v2\/media\/240114"}],"wp:attachment":[{"href":"https:\/\/irankiuzona.lt\/ru\/wp-json\/wp\/v2\/media?parent=240112"}],"wp:term":[{"taxonomy":"product_cat","embeddable":true,"href":"https:\/\/irankiuzona.lt\/ru\/wp-json\/wp\/v2\/product_cat?post=240112"},{"taxonomy":"product_tag","embeddable":true,"href":"https:\/\/irankiuzona.lt\/ru\/wp-json\/wp\/v2\/product_tag?post=240112"}],"curies":[{"name":"wp","href":"https:\/\/api.w.org\/{rel}","templated":true}]}}