{"id":240118,"date":"2024-09-29T05:50:13","date_gmt":"2024-09-29T05:50:13","guid":{"rendered":"https:\/\/irankiuzona.lt\/product\/graztas-metalui-%e2%88%852mm-hss-cobalt-5-din338\/"},"modified":"2026-04-16T18:59:20","modified_gmt":"2026-04-16T18:59:20","slug":"graztas-metalui-%e2%88%852mm-hss-cobalt-5-din338","status":"publish","type":"product","link":"https:\/\/irankiuzona.lt\/ru\/product\/graztas-metalui-%e2%88%852mm-hss-cobalt-5-din338\/","title":{"rendered":"Gr\u0105\u017etas metalui \u22052mm HSS-Cobalt 5% \/ DIN338"},"content":{"rendered":"<p>Profesional\u016bs metalo gr\u0105\u017etai su papildomu centravimu, suteikian\u010diu galimyb\u0119 gr\u0119\u017eti ir apvalius pavir\u0161ius.HOGERT metalo gr\u0105\u017etai pagaminti i\u0161 ypatingai kieto plieno.<br \/>\nCharacteristics\u2022 made of durable M35 high speed steel with 5% cobalt addition for heat resistance\u2022 precision-made and sharpened\u2022 split point technology uses a specialised cut to provide self-centering drilling, including drilling in oval surfaces, without the need for centre-punching\u2022 135\u00b0 countersink angle\u2022 manufactured in accordance with DIN 338\u2022 round shank<\/p>","protected":false},"excerpt":{"rendered":"<p>Gr\u0105\u017etas metalui \u22052mm HSS-Cobalt 5% \/ DIN338<\/p>","protected":false},"featured_media":240120,"comment_status":"open","ping_status":"open","template":"","meta":[],"product_cat":[9724],"product_tag":[9969],"class_list":{"0":"post-240118","1":"product","2":"type-product","3":"status-publish","4":"has-post-thumbnail","6":"product_brand-hogert-technik-vokietija","7":"product_cat-graztai-metalui-hss-cobalt-din338","8":"product_tag-hogert-technik-vokietija","10":"first","11":"instock","12":"purchasable","13":"product-type-simple"},"jetpack_sharing_enabled":true,"_links":{"self":[{"href":"https:\/\/irankiuzona.lt\/ru\/wp-json\/wp\/v2\/product\/240118","targetHints":{"allow":["GET"]}}],"collection":[{"href":"https:\/\/irankiuzona.lt\/ru\/wp-json\/wp\/v2\/product"}],"about":[{"href":"https:\/\/irankiuzona.lt\/ru\/wp-json\/wp\/v2\/types\/product"}],"replies":[{"embeddable":true,"href":"https:\/\/irankiuzona.lt\/ru\/wp-json\/wp\/v2\/comments?post=240118"}],"version-history":[{"count":1,"href":"https:\/\/irankiuzona.lt\/ru\/wp-json\/wp\/v2\/product\/240118\/revisions"}],"predecessor-version":[{"id":414898,"href":"https:\/\/irankiuzona.lt\/ru\/wp-json\/wp\/v2\/product\/240118\/revisions\/414898"}],"wp:featuredmedia":[{"embeddable":true,"href":"https:\/\/irankiuzona.lt\/ru\/wp-json\/wp\/v2\/media\/240120"}],"wp:attachment":[{"href":"https:\/\/irankiuzona.lt\/ru\/wp-json\/wp\/v2\/media?parent=240118"}],"wp:term":[{"taxonomy":"product_cat","embeddable":true,"href":"https:\/\/irankiuzona.lt\/ru\/wp-json\/wp\/v2\/product_cat?post=240118"},{"taxonomy":"product_tag","embeddable":true,"href":"https:\/\/irankiuzona.lt\/ru\/wp-json\/wp\/v2\/product_tag?post=240118"}],"curies":[{"name":"wp","href":"https:\/\/api.w.org\/{rel}","templated":true}]}}