{"id":240271,"date":"2024-09-29T05:50:28","date_gmt":"2024-09-29T05:50:28","guid":{"rendered":"https:\/\/irankiuzona.lt\/product\/graztas-medziui-konusinis-hss-%e2%88%8545mm\/"},"modified":"2026-04-15T18:40:04","modified_gmt":"2026-04-15T18:40:04","slug":"graztas-medziui-konusinis-hss-%e2%88%8545mm","status":"publish","type":"product","link":"https:\/\/irankiuzona.lt\/ru\/product\/graztas-medziui-konusinis-hss-%e2%88%8545mm\/","title":{"rendered":"Gr\u0105\u017etas med\u017eiui konusinis HSS \u22054,5mm"},"content":{"rendered":"<p>\u22054.5x117x85 mm;<br \/>\nA two-stage drill allows drilling in softwood, hardwood and wood base materials.<br \/>\nCharacteristics\u2022\u00a0\u00a0 \u00a0made of hardened M2 steel\u2022\u00a0\u00a0 \u00a0used for precision and high speed drilling\u2022\u00a0\u00a0 \u00a0very flexible, has better resistance to fatigue cracking\u2022\u00a0\u00a0 \u00a0round shank drill bit extension\u2022\u00a0\u00a0 \u00a0the tapered bit form increases the speed and precision of drilling<\/p>","protected":false},"excerpt":{"rendered":"<p>Gr\u0105\u017etas med\u017eiui konusinis HSS \/\u00a0\u22054,5x117x85 mm<\/p>","protected":false},"featured_media":240273,"comment_status":"open","ping_status":"open","template":"","meta":[],"product_cat":[10012],"product_tag":[9969],"class_list":{"0":"post-240271","1":"product","2":"type-product","3":"status-publish","4":"has-post-thumbnail","6":"product_brand-hogert-technik-vokietija","7":"product_cat-graztai-medziui","8":"product_tag-hogert-technik-vokietija","10":"first","11":"instock","12":"purchasable","13":"product-type-simple"},"jetpack_sharing_enabled":true,"_links":{"self":[{"href":"https:\/\/irankiuzona.lt\/ru\/wp-json\/wp\/v2\/product\/240271","targetHints":{"allow":["GET"]}}],"collection":[{"href":"https:\/\/irankiuzona.lt\/ru\/wp-json\/wp\/v2\/product"}],"about":[{"href":"https:\/\/irankiuzona.lt\/ru\/wp-json\/wp\/v2\/types\/product"}],"replies":[{"embeddable":true,"href":"https:\/\/irankiuzona.lt\/ru\/wp-json\/wp\/v2\/comments?post=240271"}],"version-history":[{"count":1,"href":"https:\/\/irankiuzona.lt\/ru\/wp-json\/wp\/v2\/product\/240271\/revisions"}],"predecessor-version":[{"id":414949,"href":"https:\/\/irankiuzona.lt\/ru\/wp-json\/wp\/v2\/product\/240271\/revisions\/414949"}],"wp:featuredmedia":[{"embeddable":true,"href":"https:\/\/irankiuzona.lt\/ru\/wp-json\/wp\/v2\/media\/240273"}],"wp:attachment":[{"href":"https:\/\/irankiuzona.lt\/ru\/wp-json\/wp\/v2\/media?parent=240271"}],"wp:term":[{"taxonomy":"product_cat","embeddable":true,"href":"https:\/\/irankiuzona.lt\/ru\/wp-json\/wp\/v2\/product_cat?post=240271"},{"taxonomy":"product_tag","embeddable":true,"href":"https:\/\/irankiuzona.lt\/ru\/wp-json\/wp\/v2\/product_tag?post=240271"}],"curies":[{"name":"wp","href":"https:\/\/api.w.org\/{rel}","templated":true}]}}