{"id":240313,"date":"2024-09-29T05:50:32","date_gmt":"2024-09-29T05:50:32","guid":{"rendered":"https:\/\/irankiuzona.lt\/product\/grezimo-karuna-20mm-bi-metal-8-cobalt\/"},"modified":"2026-04-17T01:16:31","modified_gmt":"2026-04-17T01:16:31","slug":"grezimo-karuna-20mm-bi-metal-8-cobalt","status":"publish","type":"product","link":"https:\/\/irankiuzona.lt\/ru\/product\/grezimo-karuna-20mm-bi-metal-8-cobalt\/","title":{"rendered":"Gr\u0119\u017eimo kar\u016bna 20mm Bi-metal 8% Cobalt"},"content":{"rendered":"<p>Su 8% kobalto (Co) papildymu kintamu dant\u0173 ra\u0161tu leid\u017eia gr\u0119\u017eti \u012fvairaus kietumo med\u017eiagas. Pjovimo gylis: 38 mm<\/p>","protected":false},"excerpt":{"rendered":"<p>Gr\u0119\u017eimo kar\u016bna 20mm Bi-metal 8% Cobalt\u00a0\u00a0<\/p>","protected":false},"featured_media":240315,"comment_status":"open","ping_status":"open","template":"","meta":[],"product_cat":[9710],"product_tag":[9969],"class_list":{"0":"post-240313","1":"product","2":"type-product","3":"status-publish","4":"has-post-thumbnail","6":"product_brand-hogert-technik-vokietija","7":"product_cat-grezimo-karunos-metalui-medziui","8":"product_tag-hogert-technik-vokietija","10":"first","11":"instock","12":"purchasable","13":"product-type-simple"},"jetpack_sharing_enabled":true,"_links":{"self":[{"href":"https:\/\/irankiuzona.lt\/ru\/wp-json\/wp\/v2\/product\/240313","targetHints":{"allow":["GET"]}}],"collection":[{"href":"https:\/\/irankiuzona.lt\/ru\/wp-json\/wp\/v2\/product"}],"about":[{"href":"https:\/\/irankiuzona.lt\/ru\/wp-json\/wp\/v2\/types\/product"}],"replies":[{"embeddable":true,"href":"https:\/\/irankiuzona.lt\/ru\/wp-json\/wp\/v2\/comments?post=240313"}],"version-history":[{"count":1,"href":"https:\/\/irankiuzona.lt\/ru\/wp-json\/wp\/v2\/product\/240313\/revisions"}],"predecessor-version":[{"id":414963,"href":"https:\/\/irankiuzona.lt\/ru\/wp-json\/wp\/v2\/product\/240313\/revisions\/414963"}],"wp:featuredmedia":[{"embeddable":true,"href":"https:\/\/irankiuzona.lt\/ru\/wp-json\/wp\/v2\/media\/240315"}],"wp:attachment":[{"href":"https:\/\/irankiuzona.lt\/ru\/wp-json\/wp\/v2\/media?parent=240313"}],"wp:term":[{"taxonomy":"product_cat","embeddable":true,"href":"https:\/\/irankiuzona.lt\/ru\/wp-json\/wp\/v2\/product_cat?post=240313"},{"taxonomy":"product_tag","embeddable":true,"href":"https:\/\/irankiuzona.lt\/ru\/wp-json\/wp\/v2\/product_tag?post=240313"}],"curies":[{"name":"wp","href":"https:\/\/api.w.org\/{rel}","templated":true}]}}