{"id":240433,"date":"2024-09-29T05:50:43","date_gmt":"2024-09-29T05:50:43","guid":{"rendered":"https:\/\/irankiuzona.lt\/product\/adapteris-hex-6-kampis-betono-karunoms-110-mm\/"},"modified":"2026-04-16T21:43:29","modified_gmt":"2026-04-16T21:43:29","slug":"adapteris-hex-6-kampis-betono-karunoms-110-mm","status":"publish","type":"product","link":"https:\/\/irankiuzona.lt\/ru\/product\/adapteris-hex-6-kampis-betono-karunoms-110-mm\/","title":{"rendered":"Adapteris HEX (6-kampis) betono kar\u016bnoms, 110 mm"},"content":{"rendered":"<p>Characteristics .. profiled drill bit that enables solid embedding of drill in the adapter; .. adapter body made of high-quality alloy steel; .. reinforced bolt with a washer that holds the pilot drill and prevents the bolt from loosening during drilling and the drill from falling out; .. adapter length: 110 mm; .. handy plastic tube makes tool storage a lot more convenient.<\/p>","protected":false},"excerpt":{"rendered":"<p>Adapteris HEX \u0161e\u0161iakampis tvirtinimas betono kar\u016bnoms, 110 mm<\/p>","protected":false},"featured_media":240435,"comment_status":"open","ping_status":"open","template":"","meta":[],"product_cat":[9643],"product_tag":[9969],"class_list":{"0":"post-240433","1":"product","2":"type-product","3":"status-publish","4":"has-post-thumbnail","6":"product_brand-hogert-technik-vokietija","7":"product_cat-adapteriai-grezimo-karunoms","8":"product_tag-hogert-technik-vokietija","10":"first","11":"outofstock","12":"purchasable","13":"product-type-simple"},"jetpack_sharing_enabled":true,"_links":{"self":[{"href":"https:\/\/irankiuzona.lt\/ru\/wp-json\/wp\/v2\/product\/240433","targetHints":{"allow":["GET"]}}],"collection":[{"href":"https:\/\/irankiuzona.lt\/ru\/wp-json\/wp\/v2\/product"}],"about":[{"href":"https:\/\/irankiuzona.lt\/ru\/wp-json\/wp\/v2\/types\/product"}],"replies":[{"embeddable":true,"href":"https:\/\/irankiuzona.lt\/ru\/wp-json\/wp\/v2\/comments?post=240433"}],"version-history":[{"count":1,"href":"https:\/\/irankiuzona.lt\/ru\/wp-json\/wp\/v2\/product\/240433\/revisions"}],"predecessor-version":[{"id":415003,"href":"https:\/\/irankiuzona.lt\/ru\/wp-json\/wp\/v2\/product\/240433\/revisions\/415003"}],"wp:featuredmedia":[{"embeddable":true,"href":"https:\/\/irankiuzona.lt\/ru\/wp-json\/wp\/v2\/media\/240435"}],"wp:attachment":[{"href":"https:\/\/irankiuzona.lt\/ru\/wp-json\/wp\/v2\/media?parent=240433"}],"wp:term":[{"taxonomy":"product_cat","embeddable":true,"href":"https:\/\/irankiuzona.lt\/ru\/wp-json\/wp\/v2\/product_cat?post=240433"},{"taxonomy":"product_tag","embeddable":true,"href":"https:\/\/irankiuzona.lt\/ru\/wp-json\/wp\/v2\/product_tag?post=240433"}],"curies":[{"name":"wp","href":"https:\/\/api.w.org\/{rel}","templated":true}]}}