{"id":240439,"date":"2024-09-29T05:50:44","date_gmt":"2024-09-29T05:50:44","guid":{"rendered":"https:\/\/irankiuzona.lt\/product\/graztas-komformatams-5mm\/"},"modified":"2026-04-23T09:01:13","modified_gmt":"2026-04-23T09:01:13","slug":"graztas-komformatams-5mm","status":"publish","type":"product","link":"https:\/\/irankiuzona.lt\/ru\/product\/graztas-komformatams-5mm\/","title":{"rendered":"Gr\u0105\u017etas komformatams 5mm"},"content":{"rendered":"<p>Pagamintas i\u0161 gr\u016bdinto 4341 HSS (greitai greitaeigis plienas) .\u00a0Dviguba spiral\u0117 greitam dro\u017eli\u0173 pa\u0161alinimui .\u00a0Papildomos spiral\u0117s ant antgalio kra\u0161to . Sustiprintas reguliavimo var\u017etas ilgesniam tarnavimo laikui.<\/p>","protected":false},"excerpt":{"rendered":"<p>Gr\u0105\u017etas komformatams 5mm<\/p>","protected":false},"featured_media":240441,"comment_status":"open","ping_status":"open","template":"","meta":[],"product_cat":[9844],"product_tag":[9969],"class_list":{"0":"post-240439","1":"product","2":"type-product","3":"status-publish","4":"has-post-thumbnail","6":"product_brand-hogert-technik-vokietija","7":"product_cat-graztai-komfirmatams","8":"product_tag-hogert-technik-vokietija","10":"first","11":"instock","12":"purchasable","13":"product-type-simple"},"jetpack_sharing_enabled":true,"_links":{"self":[{"href":"https:\/\/irankiuzona.lt\/ru\/wp-json\/wp\/v2\/product\/240439","targetHints":{"allow":["GET"]}}],"collection":[{"href":"https:\/\/irankiuzona.lt\/ru\/wp-json\/wp\/v2\/product"}],"about":[{"href":"https:\/\/irankiuzona.lt\/ru\/wp-json\/wp\/v2\/types\/product"}],"replies":[{"embeddable":true,"href":"https:\/\/irankiuzona.lt\/ru\/wp-json\/wp\/v2\/comments?post=240439"}],"version-history":[{"count":1,"href":"https:\/\/irankiuzona.lt\/ru\/wp-json\/wp\/v2\/product\/240439\/revisions"}],"predecessor-version":[{"id":415005,"href":"https:\/\/irankiuzona.lt\/ru\/wp-json\/wp\/v2\/product\/240439\/revisions\/415005"}],"wp:featuredmedia":[{"embeddable":true,"href":"https:\/\/irankiuzona.lt\/ru\/wp-json\/wp\/v2\/media\/240441"}],"wp:attachment":[{"href":"https:\/\/irankiuzona.lt\/ru\/wp-json\/wp\/v2\/media?parent=240439"}],"wp:term":[{"taxonomy":"product_cat","embeddable":true,"href":"https:\/\/irankiuzona.lt\/ru\/wp-json\/wp\/v2\/product_cat?post=240439"},{"taxonomy":"product_tag","embeddable":true,"href":"https:\/\/irankiuzona.lt\/ru\/wp-json\/wp\/v2\/product_tag?post=240439"}],"curies":[{"name":"wp","href":"https:\/\/api.w.org\/{rel}","templated":true}]}}