{"id":240445,"date":"2024-09-29T05:50:45","date_gmt":"2024-09-29T05:50:45","guid":{"rendered":"https:\/\/irankiuzona.lt\/product\/graztas-medziui-475mm\/"},"modified":"2026-04-15T02:10:34","modified_gmt":"2026-04-15T02:10:34","slug":"graztas-medziui-475mm","status":"publish","type":"product","link":"https:\/\/irankiuzona.lt\/ru\/product\/graztas-medziui-475mm\/","title":{"rendered":"GR\u0104\u017dTAS MED\u017dIUI 4*75MM"},"content":{"rendered":"<p>Wood drill bits designed for wood and wood-like materials, particle boards, and fibreboards, and mediumdensity fibreboard (MDF); For drilling pass-through holes and spot-drilling. Characteristics .. self-centring tip prevents slipping; .. made of high-quality alloy steel; .. highly durable; .. round shank drill bit extension.<\/p>","protected":false},"excerpt":{"rendered":"<p>GR\u0104\u017dTAS MED\u017dIUI 4*75MM<\/p>","protected":false},"featured_media":240447,"comment_status":"open","ping_status":"open","template":"","meta":[],"product_cat":[9627],"product_tag":[9969],"class_list":{"0":"post-240445","1":"product","2":"type-product","3":"status-publish","4":"has-post-thumbnail","6":"product_brand-hogert-technik-vokietija","7":"product_cat-sraigtiniai-graztai-medziui","8":"product_tag-hogert-technik-vokietija","10":"first","11":"instock","12":"purchasable","13":"product-type-simple"},"jetpack_sharing_enabled":true,"_links":{"self":[{"href":"https:\/\/irankiuzona.lt\/ru\/wp-json\/wp\/v2\/product\/240445","targetHints":{"allow":["GET"]}}],"collection":[{"href":"https:\/\/irankiuzona.lt\/ru\/wp-json\/wp\/v2\/product"}],"about":[{"href":"https:\/\/irankiuzona.lt\/ru\/wp-json\/wp\/v2\/types\/product"}],"replies":[{"embeddable":true,"href":"https:\/\/irankiuzona.lt\/ru\/wp-json\/wp\/v2\/comments?post=240445"}],"version-history":[{"count":1,"href":"https:\/\/irankiuzona.lt\/ru\/wp-json\/wp\/v2\/product\/240445\/revisions"}],"predecessor-version":[{"id":415007,"href":"https:\/\/irankiuzona.lt\/ru\/wp-json\/wp\/v2\/product\/240445\/revisions\/415007"}],"wp:featuredmedia":[{"embeddable":true,"href":"https:\/\/irankiuzona.lt\/ru\/wp-json\/wp\/v2\/media\/240447"}],"wp:attachment":[{"href":"https:\/\/irankiuzona.lt\/ru\/wp-json\/wp\/v2\/media?parent=240445"}],"wp:term":[{"taxonomy":"product_cat","embeddable":true,"href":"https:\/\/irankiuzona.lt\/ru\/wp-json\/wp\/v2\/product_cat?post=240445"},{"taxonomy":"product_tag","embeddable":true,"href":"https:\/\/irankiuzona.lt\/ru\/wp-json\/wp\/v2\/product_tag?post=240445"}],"curies":[{"name":"wp","href":"https:\/\/api.w.org\/{rel}","templated":true}]}}