{"id":240469,"date":"2024-09-29T05:50:47","date_gmt":"2024-09-29T05:50:47","guid":{"rendered":"https:\/\/irankiuzona.lt\/product\/geleztes-siaurapjukliui-cv-100mm-2vnt\/"},"modified":"2026-04-17T01:16:38","modified_gmt":"2026-04-17T01:16:38","slug":"geleztes-siaurapjukliui-cv-100mm-2vnt","status":"publish","type":"product","link":"https:\/\/irankiuzona.lt\/ru\/product\/geleztes-siaurapjukliui-cv-100mm-2vnt\/","title":{"rendered":"Gele\u017et\u0117s siaurapj\u016bkliui CV 100mm 2vnt"},"content":{"rendered":"","protected":false},"excerpt":{"rendered":"<p>Gele\u017et\u0117s siaurapj\u016bkliui CV 100mm 2vnt<\/p>","protected":false},"featured_media":240471,"comment_status":"open","ping_status":"open","template":"","meta":[],"product_cat":[10013],"product_tag":[9969],"class_list":{"0":"post-240469","1":"product","2":"type-product","3":"status-publish","4":"has-post-thumbnail","6":"product_brand-hogert-technik-vokietija","7":"product_cat-geleztes-siaurapjukliui-tiesiniam-pjuklui","8":"product_tag-hogert-technik-vokietija","10":"first","11":"instock","12":"purchasable","13":"product-type-simple"},"jetpack_sharing_enabled":true,"_links":{"self":[{"href":"https:\/\/irankiuzona.lt\/ru\/wp-json\/wp\/v2\/product\/240469","targetHints":{"allow":["GET"]}}],"collection":[{"href":"https:\/\/irankiuzona.lt\/ru\/wp-json\/wp\/v2\/product"}],"about":[{"href":"https:\/\/irankiuzona.lt\/ru\/wp-json\/wp\/v2\/types\/product"}],"replies":[{"embeddable":true,"href":"https:\/\/irankiuzona.lt\/ru\/wp-json\/wp\/v2\/comments?post=240469"}],"version-history":[{"count":1,"href":"https:\/\/irankiuzona.lt\/ru\/wp-json\/wp\/v2\/product\/240469\/revisions"}],"predecessor-version":[{"id":415015,"href":"https:\/\/irankiuzona.lt\/ru\/wp-json\/wp\/v2\/product\/240469\/revisions\/415015"}],"wp:featuredmedia":[{"embeddable":true,"href":"https:\/\/irankiuzona.lt\/ru\/wp-json\/wp\/v2\/media\/240471"}],"wp:attachment":[{"href":"https:\/\/irankiuzona.lt\/ru\/wp-json\/wp\/v2\/media?parent=240469"}],"wp:term":[{"taxonomy":"product_cat","embeddable":true,"href":"https:\/\/irankiuzona.lt\/ru\/wp-json\/wp\/v2\/product_cat?post=240469"},{"taxonomy":"product_tag","embeddable":true,"href":"https:\/\/irankiuzona.lt\/ru\/wp-json\/wp\/v2\/product_tag?post=240469"}],"curies":[{"name":"wp","href":"https:\/\/api.w.org\/{rel}","templated":true}]}}