{"id":240657,"date":"2024-09-29T06:00:19","date_gmt":"2024-09-29T06:00:19","guid":{"rendered":"https:\/\/irankiuzona.lt\/product\/graztas-metalui-%e2%88%8513mm-hss-din338\/"},"modified":"2026-04-17T02:09:25","modified_gmt":"2026-04-17T02:09:25","slug":"graztas-metalui-%e2%88%8513mm-hss-din338","status":"publish","type":"product","link":"https:\/\/irankiuzona.lt\/ru\/product\/graztas-metalui-%e2%88%8513mm-hss-din338\/","title":{"rendered":"Gr\u0105\u017etas metalui \u220513mm HSS \/ DIN338"},"content":{"rendered":"<p>Norint gr\u0105\u017etus gauti originalioje pakuot\u0117je (d\u0117\u017eut\u0117je) reikt\u0173 u\u017esakyti 5vnt.Profesional\u016bs metalo gr\u0105\u017etai su papildomu centravimu, suteikian\u010diu galimyb\u0119 gr\u0119\u017eti ir apvalius pavir\u0161ius.HOGERT metalo gr\u0105\u017etai pagaminti i\u0161 ypatingai kieto plieno.<\/p>","protected":false},"excerpt":{"rendered":"<p>Gr\u0105\u017etas metalui HSS \u220513,0mm DIN338<\/p>","protected":false},"featured_media":240659,"comment_status":"open","ping_status":"open","template":"","meta":[],"product_cat":[9712],"product_tag":[9969],"class_list":{"0":"post-240657","1":"product","2":"type-product","3":"status-publish","4":"has-post-thumbnail","6":"product_brand-hogert-technik-vokietija","7":"product_cat-graztai-metalui-hss-din338","8":"product_tag-hogert-technik-vokietija","10":"first","11":"instock","12":"purchasable","13":"product-type-simple"},"jetpack_sharing_enabled":true,"_links":{"self":[{"href":"https:\/\/irankiuzona.lt\/ru\/wp-json\/wp\/v2\/product\/240657","targetHints":{"allow":["GET"]}}],"collection":[{"href":"https:\/\/irankiuzona.lt\/ru\/wp-json\/wp\/v2\/product"}],"about":[{"href":"https:\/\/irankiuzona.lt\/ru\/wp-json\/wp\/v2\/types\/product"}],"replies":[{"embeddable":true,"href":"https:\/\/irankiuzona.lt\/ru\/wp-json\/wp\/v2\/comments?post=240657"}],"version-history":[{"count":1,"href":"https:\/\/irankiuzona.lt\/ru\/wp-json\/wp\/v2\/product\/240657\/revisions"}],"predecessor-version":[{"id":415079,"href":"https:\/\/irankiuzona.lt\/ru\/wp-json\/wp\/v2\/product\/240657\/revisions\/415079"}],"wp:featuredmedia":[{"embeddable":true,"href":"https:\/\/irankiuzona.lt\/ru\/wp-json\/wp\/v2\/media\/240659"}],"wp:attachment":[{"href":"https:\/\/irankiuzona.lt\/ru\/wp-json\/wp\/v2\/media?parent=240657"}],"wp:term":[{"taxonomy":"product_cat","embeddable":true,"href":"https:\/\/irankiuzona.lt\/ru\/wp-json\/wp\/v2\/product_cat?post=240657"},{"taxonomy":"product_tag","embeddable":true,"href":"https:\/\/irankiuzona.lt\/ru\/wp-json\/wp\/v2\/product_tag?post=240657"}],"curies":[{"name":"wp","href":"https:\/\/api.w.org\/{rel}","templated":true}]}}