{"id":240660,"date":"2024-09-29T06:00:19","date_gmt":"2024-09-29T06:00:19","guid":{"rendered":"https:\/\/irankiuzona.lt\/product\/gelezte-siaurapjukliui-150mm-bimetal\/"},"modified":"2026-04-17T01:16:47","modified_gmt":"2026-04-17T01:16:47","slug":"gelezte-siaurapjukliui-150mm-bimetal","status":"publish","type":"product","link":"https:\/\/irankiuzona.lt\/ru\/product\/gelezte-siaurapjukliui-150mm-bimetal\/","title":{"rendered":"Gele\u017et\u0117 siaurapj\u016bkliui 150mm BiMetal"},"content":{"rendered":"<p>HSS &#8211; Bi MetalVisas ilgis &#8211; 150 mm \/ darbinis ilgis 130 mmDantukai 14 TPIInox \/ Stainless steel<\/p>","protected":false},"excerpt":{"rendered":"<p>Gele\u017et\u0117 siaurapj\u016bkliui 150mm BiMetal<\/p>","protected":false},"featured_media":240662,"comment_status":"open","ping_status":"open","template":"","meta":[],"product_cat":[10013],"product_tag":[9969],"class_list":{"0":"post-240660","1":"product","2":"type-product","3":"status-publish","4":"has-post-thumbnail","6":"product_brand-hogert-technik-vokietija","7":"product_cat-geleztes-siaurapjukliui-tiesiniam-pjuklui","8":"product_tag-hogert-technik-vokietija","10":"first","11":"instock","12":"purchasable","13":"product-type-simple"},"jetpack_sharing_enabled":true,"_links":{"self":[{"href":"https:\/\/irankiuzona.lt\/ru\/wp-json\/wp\/v2\/product\/240660","targetHints":{"allow":["GET"]}}],"collection":[{"href":"https:\/\/irankiuzona.lt\/ru\/wp-json\/wp\/v2\/product"}],"about":[{"href":"https:\/\/irankiuzona.lt\/ru\/wp-json\/wp\/v2\/types\/product"}],"replies":[{"embeddable":true,"href":"https:\/\/irankiuzona.lt\/ru\/wp-json\/wp\/v2\/comments?post=240660"}],"version-history":[{"count":1,"href":"https:\/\/irankiuzona.lt\/ru\/wp-json\/wp\/v2\/product\/240660\/revisions"}],"predecessor-version":[{"id":415080,"href":"https:\/\/irankiuzona.lt\/ru\/wp-json\/wp\/v2\/product\/240660\/revisions\/415080"}],"wp:featuredmedia":[{"embeddable":true,"href":"https:\/\/irankiuzona.lt\/ru\/wp-json\/wp\/v2\/media\/240662"}],"wp:attachment":[{"href":"https:\/\/irankiuzona.lt\/ru\/wp-json\/wp\/v2\/media?parent=240660"}],"wp:term":[{"taxonomy":"product_cat","embeddable":true,"href":"https:\/\/irankiuzona.lt\/ru\/wp-json\/wp\/v2\/product_cat?post=240660"},{"taxonomy":"product_tag","embeddable":true,"href":"https:\/\/irankiuzona.lt\/ru\/wp-json\/wp\/v2\/product_tag?post=240660"}],"curies":[{"name":"wp","href":"https:\/\/api.w.org\/{rel}","templated":true}]}}