{"id":240669,"date":"2024-09-29T06:00:20","date_gmt":"2024-09-29T06:00:20","guid":{"rendered":"https:\/\/irankiuzona.lt\/product\/universalus-siaurapjuklio-diskas-150-mm\/"},"modified":"2026-04-17T01:16:47","modified_gmt":"2026-04-17T01:16:47","slug":"universalus-siaurapjuklio-diskas-150-mm","status":"publish","type":"product","link":"https:\/\/irankiuzona.lt\/ru\/product\/universalus-siaurapjuklio-diskas-150-mm\/","title":{"rendered":"Universalus siaurapj\u016bklio diskas, 150 mm"},"content":{"rendered":"<p>St\u016bmoklinis pj\u016bklo diskas skirtas pjauti medien\u0105, medien\u0105 pana\u0161ias med\u017eiagas, metal\u0105 ir plastik\u0105.\u00a0Bimetalinis peiliukas su 8% kobalto priedu leid\u017eia pjauti \u012fvairaus kietumo med\u017eiagas. greitas tikslus pjovimas. didesnis patvarumas, ilgas tarnavimo laikas. frezuoti dantys. 6 TPI dantys colyje. rankena, leid\u017eianti dirbti abipusiai (vir\u0161uje ir apa\u010dioje)<\/p>\n<p>Suderinami siaurapj\u016bkliai:Bosch, DeWalt, Makita, Festool, Hilti, Hitachi, Metabo, Milwaukee, AEG, Skil, Black&#038;Decker, Flex, Lenox, Rockwell.<\/p>","protected":false},"excerpt":{"rendered":"<p>Universalus slenkantis pj\u016bklo diskas, 150 mm<\/p>","protected":false},"featured_media":240671,"comment_status":"open","ping_status":"open","template":"","meta":[],"product_cat":[10013],"product_tag":[9969],"class_list":{"0":"post-240669","1":"product","2":"type-product","3":"status-publish","4":"has-post-thumbnail","6":"product_brand-hogert-technik-vokietija","7":"product_cat-geleztes-siaurapjukliui-tiesiniam-pjuklui","8":"product_tag-hogert-technik-vokietija","10":"first","11":"instock","12":"purchasable","13":"product-type-simple"},"jetpack_sharing_enabled":true,"_links":{"self":[{"href":"https:\/\/irankiuzona.lt\/ru\/wp-json\/wp\/v2\/product\/240669","targetHints":{"allow":["GET"]}}],"collection":[{"href":"https:\/\/irankiuzona.lt\/ru\/wp-json\/wp\/v2\/product"}],"about":[{"href":"https:\/\/irankiuzona.lt\/ru\/wp-json\/wp\/v2\/types\/product"}],"replies":[{"embeddable":true,"href":"https:\/\/irankiuzona.lt\/ru\/wp-json\/wp\/v2\/comments?post=240669"}],"version-history":[{"count":1,"href":"https:\/\/irankiuzona.lt\/ru\/wp-json\/wp\/v2\/product\/240669\/revisions"}],"predecessor-version":[{"id":415083,"href":"https:\/\/irankiuzona.lt\/ru\/wp-json\/wp\/v2\/product\/240669\/revisions\/415083"}],"wp:featuredmedia":[{"embeddable":true,"href":"https:\/\/irankiuzona.lt\/ru\/wp-json\/wp\/v2\/media\/240671"}],"wp:attachment":[{"href":"https:\/\/irankiuzona.lt\/ru\/wp-json\/wp\/v2\/media?parent=240669"}],"wp:term":[{"taxonomy":"product_cat","embeddable":true,"href":"https:\/\/irankiuzona.lt\/ru\/wp-json\/wp\/v2\/product_cat?post=240669"},{"taxonomy":"product_tag","embeddable":true,"href":"https:\/\/irankiuzona.lt\/ru\/wp-json\/wp\/v2\/product_tag?post=240669"}],"curies":[{"name":"wp","href":"https:\/\/api.w.org\/{rel}","templated":true}]}}