{"id":240741,"date":"2024-09-29T06:00:28","date_gmt":"2024-09-29T06:00:28","guid":{"rendered":"https:\/\/irankiuzona.lt\/product\/deimantine-grezimo-karuna-12mm-su-m14-sriegiu\/"},"modified":"2026-04-05T19:51:32","modified_gmt":"2026-04-05T19:51:32","slug":"deimantine-grezimo-karuna-12mm-su-m14-sriegiu","status":"publish","type":"product","link":"https:\/\/irankiuzona.lt\/ru\/product\/deimantine-grezimo-karuna-12mm-su-m14-sriegiu\/","title":{"rendered":"Deimantin\u0117 gr\u0119\u017eimo kar\u016bna 12mm su M14 sriegiu"},"content":{"rendered":"<p>Diamond hole-saw drill bits designed for boring holes in hard concrete materials, stone tiles, gres tiles, and other ceramic products. Intended for dry and wet applications. Characteristics coated with bort (low quality diamond), fastened using special vacuum technology, capable of carrying out dry holes; high diamond concentration; handle with M14 thread enables working with angle grinders; handy plastic tube makes storage a lot more convenient.<\/p>","protected":false},"excerpt":{"rendered":"<p>Gr\u0119\u017eimo kar\u016bna\u00a0\u00d8 12mm deimantin\u0117 su M14 tvirtinimo sriegiu kampiniam \u0161lifuokliui<\/p>","protected":false},"featured_media":240743,"comment_status":"open","ping_status":"open","template":"","meta":[],"product_cat":[9675],"product_tag":[9969],"class_list":{"0":"post-240741","1":"product","2":"type-product","3":"status-publish","4":"has-post-thumbnail","6":"product_brand-hogert-technik-vokietija","7":"product_cat-deimantines-grezimo-karunos","8":"product_tag-hogert-technik-vokietija","10":"first","11":"instock","12":"purchasable","13":"product-type-simple"},"jetpack_sharing_enabled":true,"_links":{"self":[{"href":"https:\/\/irankiuzona.lt\/ru\/wp-json\/wp\/v2\/product\/240741","targetHints":{"allow":["GET"]}}],"collection":[{"href":"https:\/\/irankiuzona.lt\/ru\/wp-json\/wp\/v2\/product"}],"about":[{"href":"https:\/\/irankiuzona.lt\/ru\/wp-json\/wp\/v2\/types\/product"}],"replies":[{"embeddable":true,"href":"https:\/\/irankiuzona.lt\/ru\/wp-json\/wp\/v2\/comments?post=240741"}],"version-history":[{"count":0,"href":"https:\/\/irankiuzona.lt\/ru\/wp-json\/wp\/v2\/product\/240741\/revisions"}],"wp:featuredmedia":[{"embeddable":true,"href":"https:\/\/irankiuzona.lt\/ru\/wp-json\/wp\/v2\/media\/240743"}],"wp:attachment":[{"href":"https:\/\/irankiuzona.lt\/ru\/wp-json\/wp\/v2\/media?parent=240741"}],"wp:term":[{"taxonomy":"product_cat","embeddable":true,"href":"https:\/\/irankiuzona.lt\/ru\/wp-json\/wp\/v2\/product_cat?post=240741"},{"taxonomy":"product_tag","embeddable":true,"href":"https:\/\/irankiuzona.lt\/ru\/wp-json\/wp\/v2\/product_tag?post=240741"}],"curies":[{"name":"wp","href":"https:\/\/api.w.org\/{rel}","templated":true}]}}