{"id":240771,"date":"2024-09-29T06:00:31","date_gmt":"2024-09-29T06:00:31","guid":{"rendered":"https:\/\/irankiuzona.lt\/product\/dezute-plastikine-smulkmenoms-12\/"},"modified":"2026-04-14T21:16:34","modified_gmt":"2026-04-14T21:16:34","slug":"dezute-plastikine-smulkmenoms-12","status":"publish","type":"product","link":"https:\/\/irankiuzona.lt\/ru\/product\/dezute-plastikine-smulkmenoms-12\/","title":{"rendered":"D\u0117\u017eut\u0117 plastikin\u0117 smulkmenoms 12&quot;"},"content":{"rendered":"<p>A universal organiser with adjustable dividers for handy storing of small parts and tools. Made of high quality material to guarantee durable and secure usage.Characteristics\u2022\u00a0\u00a0\u00a0constructed from high quality tough polypropylene (PP)\u2022\u00a0\u00a0\u00a0the transparent hermetic lid that protects the stored items from shifting\u2022\u00a0\u00a0\u00a015\u00a0removable dividers which form up to 22 compartments\u2022\u00a0\u00a0\u00a0comfortable and strong handle\u2022\u00a0\u00a0\u00a0robust plastic snap-fit closures<\/p>","protected":false},"excerpt":{"rendered":"<p>D\u0117\u017eut\u0117 plastikin\u0117 smulkmenoms 12&quot; \/\u00a0290x195x35 mm<\/p>","protected":false},"featured_media":240773,"comment_status":"open","ping_status":"open","template":"","meta":[],"product_cat":[10015],"product_tag":[9969],"class_list":{"0":"post-240771","1":"product","2":"type-product","3":"status-publish","4":"has-post-thumbnail","6":"product_brand-hogert-technik-vokietija","7":"product_cat-dezutes-smulkmenoms","8":"product_tag-hogert-technik-vokietija","10":"first","11":"instock","12":"purchasable","13":"product-type-simple"},"jetpack_sharing_enabled":true,"_links":{"self":[{"href":"https:\/\/irankiuzona.lt\/ru\/wp-json\/wp\/v2\/product\/240771","targetHints":{"allow":["GET"]}}],"collection":[{"href":"https:\/\/irankiuzona.lt\/ru\/wp-json\/wp\/v2\/product"}],"about":[{"href":"https:\/\/irankiuzona.lt\/ru\/wp-json\/wp\/v2\/types\/product"}],"replies":[{"embeddable":true,"href":"https:\/\/irankiuzona.lt\/ru\/wp-json\/wp\/v2\/comments?post=240771"}],"version-history":[{"count":1,"href":"https:\/\/irankiuzona.lt\/ru\/wp-json\/wp\/v2\/product\/240771\/revisions"}],"predecessor-version":[{"id":415117,"href":"https:\/\/irankiuzona.lt\/ru\/wp-json\/wp\/v2\/product\/240771\/revisions\/415117"}],"wp:featuredmedia":[{"embeddable":true,"href":"https:\/\/irankiuzona.lt\/ru\/wp-json\/wp\/v2\/media\/240773"}],"wp:attachment":[{"href":"https:\/\/irankiuzona.lt\/ru\/wp-json\/wp\/v2\/media?parent=240771"}],"wp:term":[{"taxonomy":"product_cat","embeddable":true,"href":"https:\/\/irankiuzona.lt\/ru\/wp-json\/wp\/v2\/product_cat?post=240771"},{"taxonomy":"product_tag","embeddable":true,"href":"https:\/\/irankiuzona.lt\/ru\/wp-json\/wp\/v2\/product_tag?post=240771"}],"curies":[{"name":"wp","href":"https:\/\/api.w.org\/{rel}","templated":true}]}}