{"id":240818,"date":"2024-09-29T06:00:40","date_gmt":"2024-09-29T06:00:40","guid":{"rendered":"https:\/\/irankiuzona.lt\/product\/pneumatine-terksle-1-2-108nm-kampine\/"},"modified":"2026-05-16T16:50:15","modified_gmt":"2026-05-16T16:50:15","slug":"pneumatine-terksle-1-2-108nm-kampine","status":"publish","type":"product","link":"https:\/\/irankiuzona.lt\/ru\/product\/pneumatine-terksle-1-2-108nm-kampine\/","title":{"rendered":"Pneumatin\u0117 terk\u0161l\u0117 1\/2&quot; 108Nm kampin\u0117"},"content":{"rendered":"<p>1\/2&quot; Composite Ratchet WrenchDouble ratchet pawls increase durability and tool life360 degree adjustable exhaust directs air away from the userEnlarged forward and reverse switchComfort rubber gripThe ratchet head can be optional to have bridge style design<\/p>","protected":false},"excerpt":{"rendered":"<p>Pneumatinis ver\u017eliasukis 1\/2 108 Nm kampinis<\/p>","protected":false},"featured_media":240820,"comment_status":"open","ping_status":"open","template":"","meta":[],"product_cat":[9666],"product_tag":[9435],"class_list":{"0":"post-240818","1":"product","2":"type-product","3":"status-publish","4":"has-post-thumbnail","6":"product_brand-kinija","7":"product_cat-pneumo-rankenos-terksles","8":"product_tag-kinija","10":"first","11":"outofstock","12":"purchasable","13":"product-type-simple"},"jetpack_sharing_enabled":true,"_links":{"self":[{"href":"https:\/\/irankiuzona.lt\/ru\/wp-json\/wp\/v2\/product\/240818","targetHints":{"allow":["GET"]}}],"collection":[{"href":"https:\/\/irankiuzona.lt\/ru\/wp-json\/wp\/v2\/product"}],"about":[{"href":"https:\/\/irankiuzona.lt\/ru\/wp-json\/wp\/v2\/types\/product"}],"replies":[{"embeddable":true,"href":"https:\/\/irankiuzona.lt\/ru\/wp-json\/wp\/v2\/comments?post=240818"}],"version-history":[{"count":1,"href":"https:\/\/irankiuzona.lt\/ru\/wp-json\/wp\/v2\/product\/240818\/revisions"}],"predecessor-version":[{"id":415131,"href":"https:\/\/irankiuzona.lt\/ru\/wp-json\/wp\/v2\/product\/240818\/revisions\/415131"}],"wp:featuredmedia":[{"embeddable":true,"href":"https:\/\/irankiuzona.lt\/ru\/wp-json\/wp\/v2\/media\/240820"}],"wp:attachment":[{"href":"https:\/\/irankiuzona.lt\/ru\/wp-json\/wp\/v2\/media?parent=240818"}],"wp:term":[{"taxonomy":"product_cat","embeddable":true,"href":"https:\/\/irankiuzona.lt\/ru\/wp-json\/wp\/v2\/product_cat?post=240818"},{"taxonomy":"product_tag","embeddable":true,"href":"https:\/\/irankiuzona.lt\/ru\/wp-json\/wp\/v2\/product_tag?post=240818"}],"curies":[{"name":"wp","href":"https:\/\/api.w.org\/{rel}","templated":true}]}}