{"id":240889,"date":"2024-09-29T06:00:46","date_gmt":"2024-09-29T06:00:46","guid":{"rendered":"https:\/\/irankiuzona.lt\/product\/vamzdeliu-lankstymo-irankis-o-10mm\/"},"modified":"2026-04-15T09:23:07","modified_gmt":"2026-04-15T09:23:07","slug":"vamzdeliu-lankstymo-irankis-o-10mm","status":"publish","type":"product","link":"https:\/\/irankiuzona.lt\/ru\/product\/vamzdeliu-lankstymo-irankis-o-10mm\/","title":{"rendered":"Vamzdeli\u0173 lankstymo \u012frankis \u00f8 10mm"},"content":{"rendered":"<p>\u00f8 10 mmSu kamp\u0173 laipsni\u0173 skale.<\/p>","protected":false},"excerpt":{"rendered":"<p>Vamzdeli\u0173 lankstymo \u012frankis \u00f8 10mm<\/p>","protected":false},"featured_media":240891,"comment_status":"open","ping_status":"open","template":"","meta":[],"product_cat":[9597],"product_tag":[9462],"class_list":{"0":"post-240889","1":"product","2":"type-product","3":"status-publish","4":"has-post-thumbnail","6":"product_brand-condor-werkzeug-vokietija","7":"product_cat-vamzdeliu-lankstymui","8":"product_tag-condor-werkzeug-vokietija","10":"first","11":"instock","12":"purchasable","13":"product-type-simple"},"jetpack_sharing_enabled":true,"_links":{"self":[{"href":"https:\/\/irankiuzona.lt\/ru\/wp-json\/wp\/v2\/product\/240889","targetHints":{"allow":["GET"]}}],"collection":[{"href":"https:\/\/irankiuzona.lt\/ru\/wp-json\/wp\/v2\/product"}],"about":[{"href":"https:\/\/irankiuzona.lt\/ru\/wp-json\/wp\/v2\/types\/product"}],"replies":[{"embeddable":true,"href":"https:\/\/irankiuzona.lt\/ru\/wp-json\/wp\/v2\/comments?post=240889"}],"version-history":[{"count":1,"href":"https:\/\/irankiuzona.lt\/ru\/wp-json\/wp\/v2\/product\/240889\/revisions"}],"predecessor-version":[{"id":415153,"href":"https:\/\/irankiuzona.lt\/ru\/wp-json\/wp\/v2\/product\/240889\/revisions\/415153"}],"wp:featuredmedia":[{"embeddable":true,"href":"https:\/\/irankiuzona.lt\/ru\/wp-json\/wp\/v2\/media\/240891"}],"wp:attachment":[{"href":"https:\/\/irankiuzona.lt\/ru\/wp-json\/wp\/v2\/media?parent=240889"}],"wp:term":[{"taxonomy":"product_cat","embeddable":true,"href":"https:\/\/irankiuzona.lt\/ru\/wp-json\/wp\/v2\/product_cat?post=240889"},{"taxonomy":"product_tag","embeddable":true,"href":"https:\/\/irankiuzona.lt\/ru\/wp-json\/wp\/v2\/product_tag?post=240889"}],"curies":[{"name":"wp","href":"https:\/\/api.w.org\/{rel}","templated":true}]}}