{"id":240930,"date":"2024-09-29T06:00:49","date_gmt":"2024-09-29T06:00:49","guid":{"rendered":"https:\/\/irankiuzona.lt\/product\/dregmes-filtras-su-reguliatoriumi-ir-manometru\/"},"modified":"2026-05-15T04:54:52","modified_gmt":"2026-05-15T04:54:52","slug":"dregmes-filtras-su-reguliatoriumi-ir-manometru","status":"publish","type":"product","link":"https:\/\/irankiuzona.lt\/ru\/product\/dregmes-filtras-su-reguliatoriumi-ir-manometru\/","title":{"rendered":"Dr\u0117gm\u0117s filtras su reguliatoriumi ir manometru"},"content":{"rendered":"","protected":false},"excerpt":{"rendered":"<p>Dr\u0117gm\u0117s filtras su reguliatoriumi ir manometru<\/p>","protected":false},"featured_media":240932,"comment_status":"open","ping_status":"open","template":"","meta":[],"product_cat":[9706],"product_tag":[9435],"class_list":{"0":"post-240930","1":"product","2":"type-product","3":"status-publish","4":"has-post-thumbnail","6":"product_brand-kinija","7":"product_cat-oro-srauto-reguliatoriai-tepalines-dregmes-surinkejai","8":"product_tag-kinija","10":"first","11":"outofstock","12":"purchasable","13":"product-type-simple"},"jetpack_sharing_enabled":true,"_links":{"self":[{"href":"https:\/\/irankiuzona.lt\/ru\/wp-json\/wp\/v2\/product\/240930","targetHints":{"allow":["GET"]}}],"collection":[{"href":"https:\/\/irankiuzona.lt\/ru\/wp-json\/wp\/v2\/product"}],"about":[{"href":"https:\/\/irankiuzona.lt\/ru\/wp-json\/wp\/v2\/types\/product"}],"replies":[{"embeddable":true,"href":"https:\/\/irankiuzona.lt\/ru\/wp-json\/wp\/v2\/comments?post=240930"}],"version-history":[{"count":1,"href":"https:\/\/irankiuzona.lt\/ru\/wp-json\/wp\/v2\/product\/240930\/revisions"}],"predecessor-version":[{"id":415162,"href":"https:\/\/irankiuzona.lt\/ru\/wp-json\/wp\/v2\/product\/240930\/revisions\/415162"}],"wp:featuredmedia":[{"embeddable":true,"href":"https:\/\/irankiuzona.lt\/ru\/wp-json\/wp\/v2\/media\/240932"}],"wp:attachment":[{"href":"https:\/\/irankiuzona.lt\/ru\/wp-json\/wp\/v2\/media?parent=240930"}],"wp:term":[{"taxonomy":"product_cat","embeddable":true,"href":"https:\/\/irankiuzona.lt\/ru\/wp-json\/wp\/v2\/product_cat?post=240930"},{"taxonomy":"product_tag","embeddable":true,"href":"https:\/\/irankiuzona.lt\/ru\/wp-json\/wp\/v2\/product_tag?post=240930"}],"curies":[{"name":"wp","href":"https:\/\/api.w.org\/{rel}","templated":true}]}}