{"id":240953,"date":"2024-09-29T06:00:52","date_gmt":"2024-09-29T06:00:52","guid":{"rendered":"https:\/\/irankiuzona.lt\/product\/perforavimo-rankena-pagrindas-del-tr4337\/"},"modified":"2026-04-12T17:22:31","modified_gmt":"2026-04-12T17:22:31","slug":"perforavimo-rankena-pagrindas-del-tr4337","status":"publish","type":"product","link":"https:\/\/irankiuzona.lt\/ru\/product\/perforavimo-rankena-pagrindas-del-tr4337\/","title":{"rendered":"Perforavimo rankena (pagrindas) d\u0117l TR4337"},"content":{"rendered":"<p>Atsargin\u0117 detal\u0117 i\u0161 komplekto TR4337<\/p>","protected":false},"excerpt":{"rendered":"<p>Perforavimo rankena (pagrindas) d\u0117l TR4337 \/ slapukams<\/p>","protected":false},"featured_media":240955,"comment_status":"open","ping_status":"open","template":"","meta":[],"product_cat":[9797],"product_tag":[9778],"class_list":{"0":"post-240953","1":"product","2":"type-product","3":"status-publish","4":"has-post-thumbnail","6":"product_brand-triumf-professional-tools-slovakija","7":"product_cat-irankiai-ratu-slapukams-atsukti","8":"product_tag-triumf-professional-tools-slovakija","10":"first","11":"instock","12":"purchasable","13":"product-type-simple"},"jetpack_sharing_enabled":true,"_links":{"self":[{"href":"https:\/\/irankiuzona.lt\/ru\/wp-json\/wp\/v2\/product\/240953","targetHints":{"allow":["GET"]}}],"collection":[{"href":"https:\/\/irankiuzona.lt\/ru\/wp-json\/wp\/v2\/product"}],"about":[{"href":"https:\/\/irankiuzona.lt\/ru\/wp-json\/wp\/v2\/types\/product"}],"replies":[{"embeddable":true,"href":"https:\/\/irankiuzona.lt\/ru\/wp-json\/wp\/v2\/comments?post=240953"}],"version-history":[{"count":1,"href":"https:\/\/irankiuzona.lt\/ru\/wp-json\/wp\/v2\/product\/240953\/revisions"}],"predecessor-version":[{"id":415169,"href":"https:\/\/irankiuzona.lt\/ru\/wp-json\/wp\/v2\/product\/240953\/revisions\/415169"}],"wp:featuredmedia":[{"embeddable":true,"href":"https:\/\/irankiuzona.lt\/ru\/wp-json\/wp\/v2\/media\/240955"}],"wp:attachment":[{"href":"https:\/\/irankiuzona.lt\/ru\/wp-json\/wp\/v2\/media?parent=240953"}],"wp:term":[{"taxonomy":"product_cat","embeddable":true,"href":"https:\/\/irankiuzona.lt\/ru\/wp-json\/wp\/v2\/product_cat?post=240953"},{"taxonomy":"product_tag","embeddable":true,"href":"https:\/\/irankiuzona.lt\/ru\/wp-json\/wp\/v2\/product_tag?post=240953"}],"curies":[{"name":"wp","href":"https:\/\/api.w.org\/{rel}","templated":true}]}}