{"id":240959,"date":"2024-09-29T06:00:52","date_gmt":"2024-09-29T06:00:52","guid":{"rendered":"https:\/\/irankiuzona.lt\/product\/raktas-sesiakampis-l-formos-3mm\/"},"modified":"2024-11-23T01:16:42","modified_gmt":"2024-11-23T01:16:42","slug":"raktas-sesiakampis-l-formos-3mm","status":"publish","type":"product","link":"https:\/\/irankiuzona.lt\/ru\/product\/raktas-sesiakampis-l-formos-3mm\/","title":{"rendered":"Raktas \u0161e\u0161iakampis L-formos 3mm"},"content":{"rendered":"","protected":false},"excerpt":{"rendered":"<p>Raktas \u0161e\u0161iakampis L-formos 3mm<\/p>","protected":false},"featured_media":240961,"comment_status":"open","ping_status":"open","template":"","meta":[],"product_cat":[9882],"product_tag":[9778],"class_list":{"0":"post-240959","1":"product","2":"type-product","3":"status-publish","4":"has-post-thumbnail","6":"product_brand-triumf-professional-tools-slovakija","7":"product_cat-l-formos-hex-raktai","8":"product_tag-triumf-professional-tools-slovakija","10":"first","11":"outofstock","12":"purchasable","13":"product-type-simple"},"jetpack_sharing_enabled":true,"_links":{"self":[{"href":"https:\/\/irankiuzona.lt\/ru\/wp-json\/wp\/v2\/product\/240959","targetHints":{"allow":["GET"]}}],"collection":[{"href":"https:\/\/irankiuzona.lt\/ru\/wp-json\/wp\/v2\/product"}],"about":[{"href":"https:\/\/irankiuzona.lt\/ru\/wp-json\/wp\/v2\/types\/product"}],"replies":[{"embeddable":true,"href":"https:\/\/irankiuzona.lt\/ru\/wp-json\/wp\/v2\/comments?post=240959"}],"version-history":[{"count":0,"href":"https:\/\/irankiuzona.lt\/ru\/wp-json\/wp\/v2\/product\/240959\/revisions"}],"wp:featuredmedia":[{"embeddable":true,"href":"https:\/\/irankiuzona.lt\/ru\/wp-json\/wp\/v2\/media\/240961"}],"wp:attachment":[{"href":"https:\/\/irankiuzona.lt\/ru\/wp-json\/wp\/v2\/media?parent=240959"}],"wp:term":[{"taxonomy":"product_cat","embeddable":true,"href":"https:\/\/irankiuzona.lt\/ru\/wp-json\/wp\/v2\/product_cat?post=240959"},{"taxonomy":"product_tag","embeddable":true,"href":"https:\/\/irankiuzona.lt\/ru\/wp-json\/wp\/v2\/product_tag?post=240959"}],"curies":[{"name":"wp","href":"https:\/\/api.w.org\/{rel}","templated":true}]}}