{"id":240991,"date":"2024-09-29T06:00:56","date_gmt":"2024-09-29T06:00:56","guid":{"rendered":"https:\/\/irankiuzona.lt\/product\/oro-srauto-reguliatorius-dvigubas\/"},"modified":"2026-05-15T04:54:54","modified_gmt":"2026-05-15T04:54:54","slug":"oro-srauto-reguliatorius-dvigubas","status":"publish","type":"product","link":"https:\/\/irankiuzona.lt\/ru\/product\/oro-srauto-reguliatorius-dvigubas\/","title":{"rendered":"Oro srauto reguliatorius dvigubas"},"content":{"rendered":"<p>Skirtas suspausto oro valymui nuo alyv\u0173 ir dr\u0117gm\u0117s, naudojamas pneumatini\u0173 \u012franki\u0173 oro padavimo ir jo sl\u0117gio reguliavimui, gali papildyti pneumatin\u012f \u012frank\u012f tepalu.<\/p>\n<p>Darbinis sl\u0117gis: 0,5-8 bar.<br \/>\nMaksimalus pralaidumas: 1500 l\/min.<br \/>\nVidinis sriegis: 1\/4&quot;<\/p>","protected":false},"excerpt":{"rendered":"<p>Oro srauto reguliatorius dvigubas FM-RD-06<\/p>","protected":false},"featured_media":240993,"comment_status":"open","ping_status":"open","template":"","meta":[],"product_cat":[9706],"product_tag":[9435],"class_list":{"0":"post-240991","1":"product","2":"type-product","3":"status-publish","4":"has-post-thumbnail","6":"product_brand-kinija","7":"product_cat-oro-srauto-reguliatoriai-tepalines-dregmes-surinkejai","8":"product_tag-kinija","10":"first","11":"outofstock","12":"purchasable","13":"product-type-simple"},"jetpack_sharing_enabled":true,"_links":{"self":[{"href":"https:\/\/irankiuzona.lt\/ru\/wp-json\/wp\/v2\/product\/240991","targetHints":{"allow":["GET"]}}],"collection":[{"href":"https:\/\/irankiuzona.lt\/ru\/wp-json\/wp\/v2\/product"}],"about":[{"href":"https:\/\/irankiuzona.lt\/ru\/wp-json\/wp\/v2\/types\/product"}],"replies":[{"embeddable":true,"href":"https:\/\/irankiuzona.lt\/ru\/wp-json\/wp\/v2\/comments?post=240991"}],"version-history":[{"count":1,"href":"https:\/\/irankiuzona.lt\/ru\/wp-json\/wp\/v2\/product\/240991\/revisions"}],"predecessor-version":[{"id":415175,"href":"https:\/\/irankiuzona.lt\/ru\/wp-json\/wp\/v2\/product\/240991\/revisions\/415175"}],"wp:featuredmedia":[{"embeddable":true,"href":"https:\/\/irankiuzona.lt\/ru\/wp-json\/wp\/v2\/media\/240993"}],"wp:attachment":[{"href":"https:\/\/irankiuzona.lt\/ru\/wp-json\/wp\/v2\/media?parent=240991"}],"wp:term":[{"taxonomy":"product_cat","embeddable":true,"href":"https:\/\/irankiuzona.lt\/ru\/wp-json\/wp\/v2\/product_cat?post=240991"},{"taxonomy":"product_tag","embeddable":true,"href":"https:\/\/irankiuzona.lt\/ru\/wp-json\/wp\/v2\/product_tag?post=240991"}],"curies":[{"name":"wp","href":"https:\/\/api.w.org\/{rel}","templated":true}]}}