{"id":241009,"date":"2024-09-29T06:00:58","date_gmt":"2024-09-29T06:00:58","guid":{"rendered":"https:\/\/irankiuzona.lt\/product\/graveris-tiesinis-mini-slifuoklis-170w\/"},"modified":"2025-05-14T06:15:48","modified_gmt":"2025-05-14T06:15:48","slug":"graveris-tiesinis-mini-slifuoklis-170w","status":"publish","type":"product","link":"https:\/\/irankiuzona.lt\/ru\/product\/graveris-tiesinis-mini-slifuoklis-170w\/","title":{"rendered":"Graveris &#8211; tiesinis mini \u0161lifuoklis 170W"},"content":{"rendered":"<p>Apra\u0161ymas:<\/p>\n<p>Galia: 170 W<br \/>\nAdapterinis prailgintojas &#8211; lankstus velenas<br \/>\nS\u016bki\u0173 skai\u010dius 8000-35000\/ min.<br \/>\nMax. diametras 35 mm<br \/>\nSvoris 0,75 kg<br \/>\nlagamin\u0117lis su 190 vnt. priedais<br \/>\nnuimama \u0161onin\u0117 rankena<\/p>\n<p>Mini \u0161lifuoklis GRAPHITE su 170 W varikliu (59G019) yra funkcinis ir patogus mini \u0161lifuoklis, turintis plat\u0173 pritaikym\u0105. Tai leid\u017eia pjaustyti, \u0161lifuoti, poliruoti ir gr\u0119\u017eti \u012fvairias med\u017eiagas. Jame yra lengvas ir ergonomi\u0161kas korpusas bei efektyvus 170 W variklis, leid\u017eiantis atlikti \u012fvairius dirbtuvi\u0173 darbus. Mini \u0161lifuoklyje galima laipsni\u0161kai reguliuoti sukimosi greit\u012f nuo 8 000 iki 35 000 aps \/ min. Jis tiekiamas estetiniame plastikiniame ir polikarbonato d\u0117kle. Mini \u0161lifuoklyje yra labai platus pried\u0173 rinkinys, pavyzd\u017eiui, akmenys, deimant\u0173 frezavimo stakl\u0117s, gr\u0105\u017etai, kaulai, poliravimo veltiniai, \u0161lifavimo galvut\u0117 ir juostos bei pjovimo diskai &#8211; i\u0161 viso 190 skirting\u0173 pried\u0173. \u012erankis apr\u016bpintas lanks\u010diu ir tvirtu 3 m ilgio, gumin\u0117s dangos maitinimo laidu, kuris taip pat skirtas profesionaliam ir pramoniniam naudojimui naudoti lauke ir viduje. Jis apr\u016bpintas papildoma rankena, palengvinan\u010dia prietaiso naudojim\u0105, ir lanks\u010diu voleliu tiksliam darbui atlikti.Garantija: 24m\u0117n (fiziniam) ; 12m\u0117n (juridiniam).<\/p>","protected":false},"excerpt":{"rendered":"<p>Tiesinis \u0161lifuoklis &#8211; graveris \/ GRAPHITE 59G019<\/p>","protected":false},"featured_media":241011,"comment_status":"open","ping_status":"open","template":"","meta":[],"product_cat":[9808],"product_tag":[9891],"class_list":{"0":"post-241009","1":"product","2":"type-product","3":"status-publish","4":"has-post-thumbnail","6":"product_brand-graphite","7":"product_cat-graveriai-preciziniai-mini-slifuokliai","8":"product_tag-graphite","10":"first","11":"outofstock","12":"purchasable","13":"product-type-simple"},"jetpack_sharing_enabled":true,"_links":{"self":[{"href":"https:\/\/irankiuzona.lt\/ru\/wp-json\/wp\/v2\/product\/241009","targetHints":{"allow":["GET"]}}],"collection":[{"href":"https:\/\/irankiuzona.lt\/ru\/wp-json\/wp\/v2\/product"}],"about":[{"href":"https:\/\/irankiuzona.lt\/ru\/wp-json\/wp\/v2\/types\/product"}],"replies":[{"embeddable":true,"href":"https:\/\/irankiuzona.lt\/ru\/wp-json\/wp\/v2\/comments?post=241009"}],"version-history":[{"count":0,"href":"https:\/\/irankiuzona.lt\/ru\/wp-json\/wp\/v2\/product\/241009\/revisions"}],"wp:featuredmedia":[{"embeddable":true,"href":"https:\/\/irankiuzona.lt\/ru\/wp-json\/wp\/v2\/media\/241011"}],"wp:attachment":[{"href":"https:\/\/irankiuzona.lt\/ru\/wp-json\/wp\/v2\/media?parent=241009"}],"wp:term":[{"taxonomy":"product_cat","embeddable":true,"href":"https:\/\/irankiuzona.lt\/ru\/wp-json\/wp\/v2\/product_cat?post=241009"},{"taxonomy":"product_tag","embeddable":true,"href":"https:\/\/irankiuzona.lt\/ru\/wp-json\/wp\/v2\/product_tag?post=241009"}],"curies":[{"name":"wp","href":"https:\/\/api.w.org\/{rel}","templated":true}]}}