{"id":241094,"date":"2024-09-29T06:01:07","date_gmt":"2024-09-29T06:01:07","guid":{"rendered":"https:\/\/irankiuzona.lt\/product\/ratu-verzliu-dangteliu-reples-200mm\/"},"modified":"2026-05-16T18:47:56","modified_gmt":"2026-05-16T18:47:56","slug":"ratu-verzliu-dangteliu-reples-200mm","status":"publish","type":"product","link":"https:\/\/irankiuzona.lt\/ru\/product\/ratu-verzliu-dangteliu-reples-200mm\/","title":{"rendered":"Rat\u0173 ver\u017eli\u0173 dangteli\u0173 repl\u0117s 200mm"},"content":{"rendered":"<p>Technical data:Handle type 2-Komponenten-GriffMaterial Chrome Vanadium SteelLength 200 mmPackaging suitable for wall hanging YesGross weight 310 gSurface finish Satin chrome plated<\/p>","protected":false},"excerpt":{"rendered":"<p>Rat\u0173 ver\u017eli\u0173 dangteli\u0173 repl\u0117s 200mm<\/p>","protected":false},"featured_media":241096,"comment_status":"open","ping_status":"open","template":"","meta":[],"product_cat":[9949],"product_tag":[9845],"class_list":{"0":"post-241094","1":"product","2":"type-product","3":"status-publish","4":"has-post-thumbnail","6":"product_brand-vokietija-germany","7":"product_cat-priemones-ratu-montavimui-balansavimui","8":"product_tag-vokietija-germany","10":"first","11":"instock","12":"purchasable","13":"product-type-simple"},"jetpack_sharing_enabled":true,"_links":{"self":[{"href":"https:\/\/irankiuzona.lt\/ru\/wp-json\/wp\/v2\/product\/241094","targetHints":{"allow":["GET"]}}],"collection":[{"href":"https:\/\/irankiuzona.lt\/ru\/wp-json\/wp\/v2\/product"}],"about":[{"href":"https:\/\/irankiuzona.lt\/ru\/wp-json\/wp\/v2\/types\/product"}],"replies":[{"embeddable":true,"href":"https:\/\/irankiuzona.lt\/ru\/wp-json\/wp\/v2\/comments?post=241094"}],"version-history":[{"count":1,"href":"https:\/\/irankiuzona.lt\/ru\/wp-json\/wp\/v2\/product\/241094\/revisions"}],"predecessor-version":[{"id":415201,"href":"https:\/\/irankiuzona.lt\/ru\/wp-json\/wp\/v2\/product\/241094\/revisions\/415201"}],"wp:featuredmedia":[{"embeddable":true,"href":"https:\/\/irankiuzona.lt\/ru\/wp-json\/wp\/v2\/media\/241096"}],"wp:attachment":[{"href":"https:\/\/irankiuzona.lt\/ru\/wp-json\/wp\/v2\/media?parent=241094"}],"wp:term":[{"taxonomy":"product_cat","embeddable":true,"href":"https:\/\/irankiuzona.lt\/ru\/wp-json\/wp\/v2\/product_cat?post=241094"},{"taxonomy":"product_tag","embeddable":true,"href":"https:\/\/irankiuzona.lt\/ru\/wp-json\/wp\/v2\/product_tag?post=241094"}],"curies":[{"name":"wp","href":"https:\/\/api.w.org\/{rel}","templated":true}]}}