{"id":241169,"date":"2024-09-29T06:10:08","date_gmt":"2024-09-29T06:10:08","guid":{"rendered":"https:\/\/irankiuzona.lt\/product\/talpa-tepalams-25l-su-pompa-tepimo-taskams\/"},"modified":"2025-03-27T01:55:31","modified_gmt":"2025-03-27T01:55:31","slug":"talpa-tepalams-25l-su-pompa-tepimo-taskams","status":"publish","type":"product","link":"https:\/\/irankiuzona.lt\/ru\/product\/talpa-tepalams-25l-su-pompa-tepimo-taskams\/","title":{"rendered":"Talpa tepalams 25L su pompa \/ tepimo ta\u0161kams"},"content":{"rendered":"<p>2 metr\u0173 ilgio gumin\u0117 \u017earna.Talpa &#8211; 25LMaksimalus sl\u0117gis iki 10atm.<\/p>","protected":false},"excerpt":{"rendered":"<p>Talpa tepalams 25L su pompa \/ tepimo ta\u0161kams<\/p>","protected":false},"featured_media":241171,"comment_status":"open","ping_status":"open","template":"","meta":[],"product_cat":[9490],"product_tag":[9898],"class_list":{"0":"post-241169","1":"product","2":"type-product","3":"status-publish","4":"has-post-thumbnail","6":"product_brand-avtodelo","7":"product_cat-svirkstai-tepalams-alyvai","8":"product_tag-avtodelo","10":"first","11":"outofstock","12":"purchasable","13":"product-type-simple"},"jetpack_sharing_enabled":true,"_links":{"self":[{"href":"https:\/\/irankiuzona.lt\/ru\/wp-json\/wp\/v2\/product\/241169","targetHints":{"allow":["GET"]}}],"collection":[{"href":"https:\/\/irankiuzona.lt\/ru\/wp-json\/wp\/v2\/product"}],"about":[{"href":"https:\/\/irankiuzona.lt\/ru\/wp-json\/wp\/v2\/types\/product"}],"replies":[{"embeddable":true,"href":"https:\/\/irankiuzona.lt\/ru\/wp-json\/wp\/v2\/comments?post=241169"}],"version-history":[{"count":0,"href":"https:\/\/irankiuzona.lt\/ru\/wp-json\/wp\/v2\/product\/241169\/revisions"}],"wp:featuredmedia":[{"embeddable":true,"href":"https:\/\/irankiuzona.lt\/ru\/wp-json\/wp\/v2\/media\/241171"}],"wp:attachment":[{"href":"https:\/\/irankiuzona.lt\/ru\/wp-json\/wp\/v2\/media?parent=241169"}],"wp:term":[{"taxonomy":"product_cat","embeddable":true,"href":"https:\/\/irankiuzona.lt\/ru\/wp-json\/wp\/v2\/product_cat?post=241169"},{"taxonomy":"product_tag","embeddable":true,"href":"https:\/\/irankiuzona.lt\/ru\/wp-json\/wp\/v2\/product_tag?post=241169"}],"curies":[{"name":"wp","href":"https:\/\/api.w.org\/{rel}","templated":true}]}}