{"id":241249,"date":"2024-09-29T06:10:16","date_gmt":"2024-09-29T06:10:16","guid":{"rendered":"https:\/\/irankiuzona.lt\/product\/kalami-svareliai-30g-lietiems-ratlankiams-100vnt\/"},"modified":"2026-05-15T16:20:01","modified_gmt":"2026-05-15T16:20:01","slug":"kalami-svareliai-30g-lietiems-ratlankiams-100vnt","status":"publish","type":"product","link":"https:\/\/irankiuzona.lt\/ru\/product\/kalami-svareliai-30g-lietiems-ratlankiams-100vnt\/","title":{"rendered":"Kalami svareliai 30g lietiems ratlankiams \/ 100vnt"},"content":{"rendered":"<p>D\u0117\u017eut\u0117je 100vnt<\/p>","protected":false},"excerpt":{"rendered":"<p>Kalami svareliai lietiems ratlankiams Hofmann 30g (Vokietija) \/ 100vnt.<\/p>","protected":false},"featured_media":241251,"comment_status":"open","ping_status":"open","template":"","meta":[],"product_cat":[9564],"product_tag":[],"class_list":{"0":"post-241249","1":"product","2":"type-product","3":"status-publish","4":"has-post-thumbnail","6":"product_cat-svareliai-balansavimui","8":"first","9":"outofstock","10":"purchasable","11":"product-type-simple"},"jetpack_sharing_enabled":true,"_links":{"self":[{"href":"https:\/\/irankiuzona.lt\/ru\/wp-json\/wp\/v2\/product\/241249","targetHints":{"allow":["GET"]}}],"collection":[{"href":"https:\/\/irankiuzona.lt\/ru\/wp-json\/wp\/v2\/product"}],"about":[{"href":"https:\/\/irankiuzona.lt\/ru\/wp-json\/wp\/v2\/types\/product"}],"replies":[{"embeddable":true,"href":"https:\/\/irankiuzona.lt\/ru\/wp-json\/wp\/v2\/comments?post=241249"}],"version-history":[{"count":1,"href":"https:\/\/irankiuzona.lt\/ru\/wp-json\/wp\/v2\/product\/241249\/revisions"}],"predecessor-version":[{"id":415237,"href":"https:\/\/irankiuzona.lt\/ru\/wp-json\/wp\/v2\/product\/241249\/revisions\/415237"}],"wp:featuredmedia":[{"embeddable":true,"href":"https:\/\/irankiuzona.lt\/ru\/wp-json\/wp\/v2\/media\/241251"}],"wp:attachment":[{"href":"https:\/\/irankiuzona.lt\/ru\/wp-json\/wp\/v2\/media?parent=241249"}],"wp:term":[{"taxonomy":"product_cat","embeddable":true,"href":"https:\/\/irankiuzona.lt\/ru\/wp-json\/wp\/v2\/product_cat?post=241249"},{"taxonomy":"product_tag","embeddable":true,"href":"https:\/\/irankiuzona.lt\/ru\/wp-json\/wp\/v2\/product_tag?post=241249"}],"curies":[{"name":"wp","href":"https:\/\/api.w.org\/{rel}","templated":true}]}}