{"id":241261,"date":"2024-09-29T06:10:18","date_gmt":"2024-09-29T06:10:18","guid":{"rendered":"https:\/\/irankiuzona.lt\/product\/kalami-svareliai-50g-lietiems-ratlankiams-50vnt\/"},"modified":"2026-05-15T15:22:27","modified_gmt":"2026-05-15T15:22:27","slug":"kalami-svareliai-50g-lietiems-ratlankiams-50vnt","status":"publish","type":"product","link":"https:\/\/irankiuzona.lt\/ru\/product\/kalami-svareliai-50g-lietiems-ratlankiams-50vnt\/","title":{"rendered":"Kalami svareliai 50g lietiems ratlankiams \/ 50vnt"},"content":{"rendered":"<p>D\u0117\u017eut\u0117je 50vnt<\/p>","protected":false},"excerpt":{"rendered":"<p>Kalami svareliai lietiems ratlankiams Hofmann 50g (Vokietija) \/ 50vnt<\/p>","protected":false},"featured_media":241263,"comment_status":"open","ping_status":"open","template":"","meta":[],"product_cat":[9564],"product_tag":[],"class_list":{"0":"post-241261","1":"product","2":"type-product","3":"status-publish","4":"has-post-thumbnail","6":"product_cat-svareliai-balansavimui","8":"first","9":"instock","10":"purchasable","11":"product-type-simple"},"jetpack_sharing_enabled":true,"_links":{"self":[{"href":"https:\/\/irankiuzona.lt\/ru\/wp-json\/wp\/v2\/product\/241261","targetHints":{"allow":["GET"]}}],"collection":[{"href":"https:\/\/irankiuzona.lt\/ru\/wp-json\/wp\/v2\/product"}],"about":[{"href":"https:\/\/irankiuzona.lt\/ru\/wp-json\/wp\/v2\/types\/product"}],"replies":[{"embeddable":true,"href":"https:\/\/irankiuzona.lt\/ru\/wp-json\/wp\/v2\/comments?post=241261"}],"version-history":[{"count":1,"href":"https:\/\/irankiuzona.lt\/ru\/wp-json\/wp\/v2\/product\/241261\/revisions"}],"predecessor-version":[{"id":415241,"href":"https:\/\/irankiuzona.lt\/ru\/wp-json\/wp\/v2\/product\/241261\/revisions\/415241"}],"wp:featuredmedia":[{"embeddable":true,"href":"https:\/\/irankiuzona.lt\/ru\/wp-json\/wp\/v2\/media\/241263"}],"wp:attachment":[{"href":"https:\/\/irankiuzona.lt\/ru\/wp-json\/wp\/v2\/media?parent=241261"}],"wp:term":[{"taxonomy":"product_cat","embeddable":true,"href":"https:\/\/irankiuzona.lt\/ru\/wp-json\/wp\/v2\/product_cat?post=241261"},{"taxonomy":"product_tag","embeddable":true,"href":"https:\/\/irankiuzona.lt\/ru\/wp-json\/wp\/v2\/product_tag?post=241261"}],"curies":[{"name":"wp","href":"https:\/\/api.w.org\/{rel}","templated":true}]}}