{"id":241336,"date":"2024-09-29T06:10:25","date_gmt":"2024-09-29T06:10:25","guid":{"rendered":"https:\/\/irankiuzona.lt\/product\/gelezte-siaurapjukliui-300mm-bimetal\/"},"modified":"2026-05-06T21:36:59","modified_gmt":"2026-05-06T21:36:59","slug":"gelezte-siaurapjukliui-300mm-bimetal","status":"publish","type":"product","link":"https:\/\/irankiuzona.lt\/ru\/product\/gelezte-siaurapjukliui-300mm-bimetal\/","title":{"rendered":"Gele\u017et\u0117 siaurapj\u016bkliui 300mm BiMetal"},"content":{"rendered":"<p>HSS &#8211; Bi MetalVisas ilgis &#8211; 300 mm \/ darbinis ilgis 280 mmDantukai 14 TPIInox \/ Stainless steel<\/p>","protected":false},"excerpt":{"rendered":"<p>Gele\u017et\u0117 siaurapj\u016bkliui 300mm Bi-Metal<\/p>","protected":false},"featured_media":241338,"comment_status":"open","ping_status":"open","template":"","meta":[],"product_cat":[9632],"product_tag":[9969],"class_list":{"0":"post-241336","1":"product","2":"type-product","3":"status-publish","4":"has-post-thumbnail","6":"product_brand-hogert-technik-vokietija","7":"product_cat-geleztes-metalui","8":"product_tag-hogert-technik-vokietija","10":"first","11":"instock","12":"purchasable","13":"product-type-simple"},"jetpack_sharing_enabled":true,"_links":{"self":[{"href":"https:\/\/irankiuzona.lt\/ru\/wp-json\/wp\/v2\/product\/241336","targetHints":{"allow":["GET"]}}],"collection":[{"href":"https:\/\/irankiuzona.lt\/ru\/wp-json\/wp\/v2\/product"}],"about":[{"href":"https:\/\/irankiuzona.lt\/ru\/wp-json\/wp\/v2\/types\/product"}],"replies":[{"embeddable":true,"href":"https:\/\/irankiuzona.lt\/ru\/wp-json\/wp\/v2\/comments?post=241336"}],"version-history":[{"count":1,"href":"https:\/\/irankiuzona.lt\/ru\/wp-json\/wp\/v2\/product\/241336\/revisions"}],"predecessor-version":[{"id":415266,"href":"https:\/\/irankiuzona.lt\/ru\/wp-json\/wp\/v2\/product\/241336\/revisions\/415266"}],"wp:featuredmedia":[{"embeddable":true,"href":"https:\/\/irankiuzona.lt\/ru\/wp-json\/wp\/v2\/media\/241338"}],"wp:attachment":[{"href":"https:\/\/irankiuzona.lt\/ru\/wp-json\/wp\/v2\/media?parent=241336"}],"wp:term":[{"taxonomy":"product_cat","embeddable":true,"href":"https:\/\/irankiuzona.lt\/ru\/wp-json\/wp\/v2\/product_cat?post=241336"},{"taxonomy":"product_tag","embeddable":true,"href":"https:\/\/irankiuzona.lt\/ru\/wp-json\/wp\/v2\/product_tag?post=241336"}],"curies":[{"name":"wp","href":"https:\/\/api.w.org\/{rel}","templated":true}]}}