{"id":241345,"date":"2024-09-29T06:10:26","date_gmt":"2024-09-29T06:10:26","guid":{"rendered":"https:\/\/irankiuzona.lt\/product\/greztuvas-rankinis-2-8mm\/"},"modified":"2026-04-17T21:35:56","modified_gmt":"2026-04-17T21:35:56","slug":"greztuvas-rankinis-2-8mm","status":"publish","type":"product","link":"https:\/\/irankiuzona.lt\/ru\/product\/greztuvas-rankinis-2-8mm\/","title":{"rendered":"Gr\u0119\u017etuvas rankinis 2-8mm"},"content":{"rendered":"","protected":false},"excerpt":{"rendered":"<p>Rankinis gr\u0119\u017etuvas \/ 2-8 mm<\/p>","protected":false},"featured_media":241347,"comment_status":"open","ping_status":"open","template":"","meta":[],"product_cat":[10019],"product_tag":[9628],"class_list":{"0":"post-241345","1":"product","2":"type-product","3":"status-publish","4":"has-post-thumbnail","6":"product_brand-condor-lenkija","7":"product_cat-kiti-graztai-rankiniai-greztuvai","8":"product_tag-condor-lenkija","10":"first","11":"instock","12":"purchasable","13":"product-type-simple"},"jetpack_sharing_enabled":true,"_links":{"self":[{"href":"https:\/\/irankiuzona.lt\/ru\/wp-json\/wp\/v2\/product\/241345","targetHints":{"allow":["GET"]}}],"collection":[{"href":"https:\/\/irankiuzona.lt\/ru\/wp-json\/wp\/v2\/product"}],"about":[{"href":"https:\/\/irankiuzona.lt\/ru\/wp-json\/wp\/v2\/types\/product"}],"replies":[{"embeddable":true,"href":"https:\/\/irankiuzona.lt\/ru\/wp-json\/wp\/v2\/comments?post=241345"}],"version-history":[{"count":1,"href":"https:\/\/irankiuzona.lt\/ru\/wp-json\/wp\/v2\/product\/241345\/revisions"}],"predecessor-version":[{"id":415269,"href":"https:\/\/irankiuzona.lt\/ru\/wp-json\/wp\/v2\/product\/241345\/revisions\/415269"}],"wp:featuredmedia":[{"embeddable":true,"href":"https:\/\/irankiuzona.lt\/ru\/wp-json\/wp\/v2\/media\/241347"}],"wp:attachment":[{"href":"https:\/\/irankiuzona.lt\/ru\/wp-json\/wp\/v2\/media?parent=241345"}],"wp:term":[{"taxonomy":"product_cat","embeddable":true,"href":"https:\/\/irankiuzona.lt\/ru\/wp-json\/wp\/v2\/product_cat?post=241345"},{"taxonomy":"product_tag","embeddable":true,"href":"https:\/\/irankiuzona.lt\/ru\/wp-json\/wp\/v2\/product_tag?post=241345"}],"curies":[{"name":"wp","href":"https:\/\/api.w.org\/{rel}","templated":true}]}}