{"id":241458,"date":"2024-09-29T06:10:38","date_gmt":"2024-09-29T06:10:38","guid":{"rendered":"https:\/\/irankiuzona.lt\/product\/lenktu-kilpiniu-raktu-komplektas-6-19-mm-su-deklu-vezimeliui\/"},"modified":"2026-04-12T04:09:11","modified_gmt":"2026-04-12T04:09:11","slug":"lenktu-kilpiniu-raktu-komplektas-6-19-mm-su-deklu-vezimeliui","status":"publish","type":"product","link":"https:\/\/irankiuzona.lt\/ru\/product\/lenktu-kilpiniu-raktu-komplektas-6-19-mm-su-deklu-vezimeliui\/","title":{"rendered":"Lenkt\u0173, kilpini\u0173 rakt\u0173 komplektas (6-19 mm) \/ su d\u0117klu ve\u017eim\u0117liui"},"content":{"rendered":"<p>D\u0117klo dydis &#8211; 18 x 39,5 mmKomplekte: 6&#215;7 &#8211; 8&#215;9 &#8211; 10&#215;11 &#8211; 12&#215;13 &#8211; 14&#215;15 &#8211; 16&#215;17 &#8211; 18&#215;19<\/p>","protected":false},"excerpt":{"rendered":"<p>Lenkt\u0173, kilpini\u0173 rakt\u0173 komplektas su \u012fd\u0117klu \u012f ve\u017eim\u0117l\u012f \/ 6-19 mm<\/p>","protected":false},"featured_media":241460,"comment_status":"open","ping_status":"open","template":"","meta":[],"product_cat":[9870],"product_tag":[9969],"class_list":{"0":"post-241458","1":"product","2":"type-product","3":"status-publish","4":"has-post-thumbnail","6":"product_brand-hogert-technik-vokietija","7":"product_cat-deklai-i-vezimus-su-irankiais-ir-tusti","8":"product_tag-hogert-technik-vokietija","10":"first","11":"instock","12":"purchasable","13":"product-type-simple"},"jetpack_sharing_enabled":true,"_links":{"self":[{"href":"https:\/\/irankiuzona.lt\/ru\/wp-json\/wp\/v2\/product\/241458","targetHints":{"allow":["GET"]}}],"collection":[{"href":"https:\/\/irankiuzona.lt\/ru\/wp-json\/wp\/v2\/product"}],"about":[{"href":"https:\/\/irankiuzona.lt\/ru\/wp-json\/wp\/v2\/types\/product"}],"replies":[{"embeddable":true,"href":"https:\/\/irankiuzona.lt\/ru\/wp-json\/wp\/v2\/comments?post=241458"}],"version-history":[{"count":1,"href":"https:\/\/irankiuzona.lt\/ru\/wp-json\/wp\/v2\/product\/241458\/revisions"}],"predecessor-version":[{"id":415304,"href":"https:\/\/irankiuzona.lt\/ru\/wp-json\/wp\/v2\/product\/241458\/revisions\/415304"}],"wp:featuredmedia":[{"embeddable":true,"href":"https:\/\/irankiuzona.lt\/ru\/wp-json\/wp\/v2\/media\/241460"}],"wp:attachment":[{"href":"https:\/\/irankiuzona.lt\/ru\/wp-json\/wp\/v2\/media?parent=241458"}],"wp:term":[{"taxonomy":"product_cat","embeddable":true,"href":"https:\/\/irankiuzona.lt\/ru\/wp-json\/wp\/v2\/product_cat?post=241458"},{"taxonomy":"product_tag","embeddable":true,"href":"https:\/\/irankiuzona.lt\/ru\/wp-json\/wp\/v2\/product_tag?post=241458"}],"curies":[{"name":"wp","href":"https:\/\/api.w.org\/{rel}","templated":true}]}}