{"id":241461,"date":"2024-09-29T06:10:39","date_gmt":"2024-09-29T06:10:39","guid":{"rendered":"https:\/\/irankiuzona.lt\/product\/ilgu-galvuciu-komplektas-1-2-6k-10-24-mm-su-deklu-vezimeliui\/"},"modified":"2026-04-14T12:57:58","modified_gmt":"2026-04-14T12:57:58","slug":"ilgu-galvuciu-komplektas-1-2-6k-10-24-mm-su-deklu-vezimeliui","status":"publish","type":"product","link":"https:\/\/irankiuzona.lt\/ru\/product\/ilgu-galvuciu-komplektas-1-2-6k-10-24-mm-su-deklu-vezimeliui\/","title":{"rendered":"Ilg\u0173 galvu\u010di\u0173 komplektas 1\/2&quot; 6k. (10-24 mm) \/ su d\u0117klu ve\u017eim\u0117liui"},"content":{"rendered":"<p>D\u0117klo dydis &#8211; 18 x 39,5 mmKomplekte: 10 &#8211; 11 &#8211; 12 &#8211; 13 &#8211; 14 &#8211; 15 &#8211; 17 &#8211; 19 &#8211; 21 &#8211; 22 &#8211; 24 mm (1\/2 ilgos galvut\u0117s); 16 -21 mm (1\/2 \u017evakin\u0117s galvut\u0117s); Per\u0117jimai: 1\/2 -> 3\/8 ; 1\/2 -> 3\/4<\/p>","protected":false},"excerpt":{"rendered":"<p>Ilg\u0173. \u0161e\u0161iakampi\u0173 1\/2 galv\u0173 komplektas su \u012fd\u0117klu \u012f ve\u017eim\u0117l\u012f \/ 10-24 mm<\/p>","protected":false},"featured_media":241463,"comment_status":"open","ping_status":"open","template":"","meta":[],"product_cat":[9870],"product_tag":[9969],"class_list":{"0":"post-241461","1":"product","2":"type-product","3":"status-publish","4":"has-post-thumbnail","6":"product_brand-hogert-technik-vokietija","7":"product_cat-deklai-i-vezimus-su-irankiais-ir-tusti","8":"product_tag-hogert-technik-vokietija","10":"first","11":"instock","12":"purchasable","13":"product-type-simple"},"jetpack_sharing_enabled":true,"_links":{"self":[{"href":"https:\/\/irankiuzona.lt\/ru\/wp-json\/wp\/v2\/product\/241461","targetHints":{"allow":["GET"]}}],"collection":[{"href":"https:\/\/irankiuzona.lt\/ru\/wp-json\/wp\/v2\/product"}],"about":[{"href":"https:\/\/irankiuzona.lt\/ru\/wp-json\/wp\/v2\/types\/product"}],"replies":[{"embeddable":true,"href":"https:\/\/irankiuzona.lt\/ru\/wp-json\/wp\/v2\/comments?post=241461"}],"version-history":[{"count":1,"href":"https:\/\/irankiuzona.lt\/ru\/wp-json\/wp\/v2\/product\/241461\/revisions"}],"predecessor-version":[{"id":415305,"href":"https:\/\/irankiuzona.lt\/ru\/wp-json\/wp\/v2\/product\/241461\/revisions\/415305"}],"wp:featuredmedia":[{"embeddable":true,"href":"https:\/\/irankiuzona.lt\/ru\/wp-json\/wp\/v2\/media\/241463"}],"wp:attachment":[{"href":"https:\/\/irankiuzona.lt\/ru\/wp-json\/wp\/v2\/media?parent=241461"}],"wp:term":[{"taxonomy":"product_cat","embeddable":true,"href":"https:\/\/irankiuzona.lt\/ru\/wp-json\/wp\/v2\/product_cat?post=241461"},{"taxonomy":"product_tag","embeddable":true,"href":"https:\/\/irankiuzona.lt\/ru\/wp-json\/wp\/v2\/product_tag?post=241461"}],"curies":[{"name":"wp","href":"https:\/\/api.w.org\/{rel}","templated":true}]}}