{"id":241467,"date":"2024-09-29T06:10:39","date_gmt":"2024-09-29T06:10:39","guid":{"rendered":"https:\/\/irankiuzona.lt\/product\/1-2-irankiu-komplektas-10-36-mm-su-deklu-vezimeliui\/"},"modified":"2026-05-15T16:20:13","modified_gmt":"2026-05-15T16:20:13","slug":"1-2-irankiu-komplektas-10-36-mm-su-deklu-vezimeliui","status":"publish","type":"product","link":"https:\/\/irankiuzona.lt\/ru\/product\/1-2-irankiu-komplektas-10-36-mm-su-deklu-vezimeliui\/","title":{"rendered":"1\/2 \u012franki\u0173 komplektas (10-36 mm) \/ su d\u0117klu ve\u017eim\u0117liui"},"content":{"rendered":"<p>D\u0117klo dydis &#8211; 18 x 39,5 mm<\/p>","protected":false},"excerpt":{"rendered":"<p>1\/2 \u012franki\u0173 komplektas su \u012fd\u0117klu \u012f ve\u017eim\u0117l\u012f \/ 10-36 mm<\/p>","protected":false},"featured_media":241469,"comment_status":"open","ping_status":"open","template":"","meta":[],"product_cat":[9870],"product_tag":[9969],"class_list":{"0":"post-241467","1":"product","2":"type-product","3":"status-publish","4":"has-post-thumbnail","6":"product_brand-hogert-technik-vokietija","7":"product_cat-deklai-i-vezimus-su-irankiais-ir-tusti","8":"product_tag-hogert-technik-vokietija","10":"first","11":"instock","12":"purchasable","13":"product-type-simple"},"jetpack_sharing_enabled":true,"_links":{"self":[{"href":"https:\/\/irankiuzona.lt\/ru\/wp-json\/wp\/v2\/product\/241467","targetHints":{"allow":["GET"]}}],"collection":[{"href":"https:\/\/irankiuzona.lt\/ru\/wp-json\/wp\/v2\/product"}],"about":[{"href":"https:\/\/irankiuzona.lt\/ru\/wp-json\/wp\/v2\/types\/product"}],"replies":[{"embeddable":true,"href":"https:\/\/irankiuzona.lt\/ru\/wp-json\/wp\/v2\/comments?post=241467"}],"version-history":[{"count":1,"href":"https:\/\/irankiuzona.lt\/ru\/wp-json\/wp\/v2\/product\/241467\/revisions"}],"predecessor-version":[{"id":415307,"href":"https:\/\/irankiuzona.lt\/ru\/wp-json\/wp\/v2\/product\/241467\/revisions\/415307"}],"wp:featuredmedia":[{"embeddable":true,"href":"https:\/\/irankiuzona.lt\/ru\/wp-json\/wp\/v2\/media\/241469"}],"wp:attachment":[{"href":"https:\/\/irankiuzona.lt\/ru\/wp-json\/wp\/v2\/media?parent=241467"}],"wp:term":[{"taxonomy":"product_cat","embeddable":true,"href":"https:\/\/irankiuzona.lt\/ru\/wp-json\/wp\/v2\/product_cat?post=241467"},{"taxonomy":"product_tag","embeddable":true,"href":"https:\/\/irankiuzona.lt\/ru\/wp-json\/wp\/v2\/product_tag?post=241467"}],"curies":[{"name":"wp","href":"https:\/\/api.w.org\/{rel}","templated":true}]}}