{"id":241473,"date":"2024-09-29T06:10:40","date_gmt":"2024-09-29T06:10:40","guid":{"rendered":"https:\/\/irankiuzona.lt\/product\/repliu-fiksavimo-ziedams-komplektas-180mm-su-deklu-vezimeliui\/"},"modified":"2026-04-12T04:09:12","modified_gmt":"2026-04-12T04:09:12","slug":"repliu-fiksavimo-ziedams-komplektas-180mm-su-deklu-vezimeliui","status":"publish","type":"product","link":"https:\/\/irankiuzona.lt\/ru\/product\/repliu-fiksavimo-ziedams-komplektas-180mm-su-deklu-vezimeliui\/","title":{"rendered":"Repli\u0173 fiksavimo \u017eiedams komplektas (180mm) \/ su d\u0117klu ve\u017eim\u0117liui"},"content":{"rendered":"<p>D\u0117klo dydis &#8211; 18 x 39,5 mm<\/p>","protected":false},"excerpt":{"rendered":"<p>Repli\u0173 fiksavimo \u017eiedams komplektas su \u012fd\u0117klu \u012f ve\u017eim\u0117l\u012f \/ 180mm<\/p>","protected":false},"featured_media":241475,"comment_status":"open","ping_status":"open","template":"","meta":[],"product_cat":[9870],"product_tag":[9969],"class_list":{"0":"post-241473","1":"product","2":"type-product","3":"status-publish","4":"has-post-thumbnail","6":"product_brand-hogert-technik-vokietija","7":"product_cat-deklai-i-vezimus-su-irankiais-ir-tusti","8":"product_tag-hogert-technik-vokietija","10":"first","11":"instock","12":"purchasable","13":"product-type-simple"},"jetpack_sharing_enabled":true,"_links":{"self":[{"href":"https:\/\/irankiuzona.lt\/ru\/wp-json\/wp\/v2\/product\/241473","targetHints":{"allow":["GET"]}}],"collection":[{"href":"https:\/\/irankiuzona.lt\/ru\/wp-json\/wp\/v2\/product"}],"about":[{"href":"https:\/\/irankiuzona.lt\/ru\/wp-json\/wp\/v2\/types\/product"}],"replies":[{"embeddable":true,"href":"https:\/\/irankiuzona.lt\/ru\/wp-json\/wp\/v2\/comments?post=241473"}],"version-history":[{"count":1,"href":"https:\/\/irankiuzona.lt\/ru\/wp-json\/wp\/v2\/product\/241473\/revisions"}],"predecessor-version":[{"id":415309,"href":"https:\/\/irankiuzona.lt\/ru\/wp-json\/wp\/v2\/product\/241473\/revisions\/415309"}],"wp:featuredmedia":[{"embeddable":true,"href":"https:\/\/irankiuzona.lt\/ru\/wp-json\/wp\/v2\/media\/241475"}],"wp:attachment":[{"href":"https:\/\/irankiuzona.lt\/ru\/wp-json\/wp\/v2\/media?parent=241473"}],"wp:term":[{"taxonomy":"product_cat","embeddable":true,"href":"https:\/\/irankiuzona.lt\/ru\/wp-json\/wp\/v2\/product_cat?post=241473"},{"taxonomy":"product_tag","embeddable":true,"href":"https:\/\/irankiuzona.lt\/ru\/wp-json\/wp\/v2\/product_tag?post=241473"}],"curies":[{"name":"wp","href":"https:\/\/api.w.org\/{rel}","templated":true}]}}