{"id":241525,"date":"2024-09-29T06:10:46","date_gmt":"2024-09-29T06:10:46","guid":{"rendered":"https:\/\/irankiuzona.lt\/product\/rankiniu-sepeciu-komplektas-3vnt\/"},"modified":"2026-04-03T16:15:00","modified_gmt":"2026-04-03T16:15:00","slug":"rankiniu-sepeciu-komplektas-3vnt","status":"publish","type":"product","link":"https:\/\/irankiuzona.lt\/ru\/product\/rankiniu-sepeciu-komplektas-3vnt\/","title":{"rendered":"Rankini\u0173 \u0161epe\u010di\u0173 komplektas \/ 3vnt"},"content":{"rendered":"<p>Ilgis 230 mm<\/p>","protected":false},"excerpt":{"rendered":"<p>Rankini\u0173 \u0161epe\u010di\u0173 komplektas \/ 3vnt<\/p>","protected":false},"featured_media":241527,"comment_status":"open","ping_status":"open","template":"","meta":[],"product_cat":[9609],"product_tag":[9898],"class_list":{"0":"post-241525","1":"product","2":"type-product","3":"status-publish","4":"has-post-thumbnail","6":"product_brand-avtodelo","7":"product_cat-rankiniai-sepeciai","8":"product_tag-avtodelo","10":"first","11":"instock","12":"purchasable","13":"product-type-simple"},"jetpack_sharing_enabled":true,"_links":{"self":[{"href":"https:\/\/irankiuzona.lt\/ru\/wp-json\/wp\/v2\/product\/241525","targetHints":{"allow":["GET"]}}],"collection":[{"href":"https:\/\/irankiuzona.lt\/ru\/wp-json\/wp\/v2\/product"}],"about":[{"href":"https:\/\/irankiuzona.lt\/ru\/wp-json\/wp\/v2\/types\/product"}],"replies":[{"embeddable":true,"href":"https:\/\/irankiuzona.lt\/ru\/wp-json\/wp\/v2\/comments?post=241525"}],"version-history":[{"count":0,"href":"https:\/\/irankiuzona.lt\/ru\/wp-json\/wp\/v2\/product\/241525\/revisions"}],"wp:featuredmedia":[{"embeddable":true,"href":"https:\/\/irankiuzona.lt\/ru\/wp-json\/wp\/v2\/media\/241527"}],"wp:attachment":[{"href":"https:\/\/irankiuzona.lt\/ru\/wp-json\/wp\/v2\/media?parent=241525"}],"wp:term":[{"taxonomy":"product_cat","embeddable":true,"href":"https:\/\/irankiuzona.lt\/ru\/wp-json\/wp\/v2\/product_cat?post=241525"},{"taxonomy":"product_tag","embeddable":true,"href":"https:\/\/irankiuzona.lt\/ru\/wp-json\/wp\/v2\/product_tag?post=241525"}],"curies":[{"name":"wp","href":"https:\/\/api.w.org\/{rel}","templated":true}]}}