{"id":241614,"date":"2024-09-29T06:10:55","date_gmt":"2024-09-29T06:10:55","guid":{"rendered":"https:\/\/irankiuzona.lt\/product\/smuginiu-galvuciu-komplektas-3-4-6k-19-50mm-su-deklu-vezimeliui\/"},"modified":"2026-04-14T18:21:59","modified_gmt":"2026-04-14T18:21:59","slug":"smuginiu-galvuciu-komplektas-3-4-6k-19-50mm-su-deklu-vezimeliui","status":"publish","type":"product","link":"https:\/\/irankiuzona.lt\/ru\/product\/smuginiu-galvuciu-komplektas-3-4-6k-19-50mm-su-deklu-vezimeliui\/","title":{"rendered":"Sm\u016bgini\u0173 galvu\u010di\u0173 komplektas 3\/4&quot; 6k. (19-50mm) su d\u0117klu ve\u017eim\u0117liui"},"content":{"rendered":"<p>D\u0117klo dydis &#8211; 1\/3 (36x185x395 mm)Komplekte Cr-Mo: 19 &#8211; 21 &#8211; 22 &#8211; 24 &#8211; 27 &#8211; 30 &#8211; 32 &#8211; 33 &#8211; 34 &#8211; 35 &#8211; 36 &#8211; 38 &#8211; 40 &#8211; 41 &#8211; 46 &#8211; 50 mm<\/p>","protected":false},"excerpt":{"rendered":"<p>Sm\u016bgini\u0173 galvu\u010di\u0173 komplektas 3\/4&quot; 6k. (19-50mm) su d\u0117klu ve\u017eim\u0117liui<\/p>","protected":false},"featured_media":241616,"comment_status":"open","ping_status":"open","template":"","meta":[],"product_cat":[9870],"product_tag":[9462],"class_list":{"0":"post-241614","1":"product","2":"type-product","3":"status-publish","4":"has-post-thumbnail","6":"product_brand-condor-werkzeug-vokietija","7":"product_cat-deklai-i-vezimus-su-irankiais-ir-tusti","8":"product_tag-condor-werkzeug-vokietija","10":"first","11":"instock","12":"purchasable","13":"product-type-simple"},"jetpack_sharing_enabled":true,"_links":{"self":[{"href":"https:\/\/irankiuzona.lt\/ru\/wp-json\/wp\/v2\/product\/241614","targetHints":{"allow":["GET"]}}],"collection":[{"href":"https:\/\/irankiuzona.lt\/ru\/wp-json\/wp\/v2\/product"}],"about":[{"href":"https:\/\/irankiuzona.lt\/ru\/wp-json\/wp\/v2\/types\/product"}],"replies":[{"embeddable":true,"href":"https:\/\/irankiuzona.lt\/ru\/wp-json\/wp\/v2\/comments?post=241614"}],"version-history":[{"count":1,"href":"https:\/\/irankiuzona.lt\/ru\/wp-json\/wp\/v2\/product\/241614\/revisions"}],"predecessor-version":[{"id":415346,"href":"https:\/\/irankiuzona.lt\/ru\/wp-json\/wp\/v2\/product\/241614\/revisions\/415346"}],"wp:featuredmedia":[{"embeddable":true,"href":"https:\/\/irankiuzona.lt\/ru\/wp-json\/wp\/v2\/media\/241616"}],"wp:attachment":[{"href":"https:\/\/irankiuzona.lt\/ru\/wp-json\/wp\/v2\/media?parent=241614"}],"wp:term":[{"taxonomy":"product_cat","embeddable":true,"href":"https:\/\/irankiuzona.lt\/ru\/wp-json\/wp\/v2\/product_cat?post=241614"},{"taxonomy":"product_tag","embeddable":true,"href":"https:\/\/irankiuzona.lt\/ru\/wp-json\/wp\/v2\/product_tag?post=241614"}],"curies":[{"name":"wp","href":"https:\/\/api.w.org\/{rel}","templated":true}]}}