{"id":241620,"date":"2024-09-29T06:10:56","date_gmt":"2024-09-29T06:10:56","guid":{"rendered":"https:\/\/irankiuzona.lt\/product\/galvute-1-2-9mm-6-kampe\/"},"modified":"2026-04-14T18:21:59","modified_gmt":"2026-04-14T18:21:59","slug":"galvute-1-2-9mm-6-kampe","status":"publish","type":"product","link":"https:\/\/irankiuzona.lt\/ru\/product\/galvute-1-2-9mm-6-kampe\/","title":{"rendered":"Galvut\u0117 1\/2 9mm (6-kamp\u0117)"},"content":{"rendered":"","protected":false},"excerpt":{"rendered":"<p>Galvut\u0117 1\/2 9mm (\u0161e\u0161iakamp\u0117)<\/p>","protected":false},"featured_media":241622,"comment_status":"open","ping_status":"open","template":"","meta":[],"product_cat":[9470],"product_tag":[9462],"class_list":{"0":"post-241620","1":"product","2":"type-product","3":"status-publish","4":"has-post-thumbnail","6":"product_brand-condor-werkzeug-vokietija","7":"product_cat-1-2-125-mm-sesiakampes-galvutes","8":"product_tag-condor-werkzeug-vokietija","10":"first","11":"instock","12":"purchasable","13":"product-type-simple"},"jetpack_sharing_enabled":true,"_links":{"self":[{"href":"https:\/\/irankiuzona.lt\/ru\/wp-json\/wp\/v2\/product\/241620","targetHints":{"allow":["GET"]}}],"collection":[{"href":"https:\/\/irankiuzona.lt\/ru\/wp-json\/wp\/v2\/product"}],"about":[{"href":"https:\/\/irankiuzona.lt\/ru\/wp-json\/wp\/v2\/types\/product"}],"replies":[{"embeddable":true,"href":"https:\/\/irankiuzona.lt\/ru\/wp-json\/wp\/v2\/comments?post=241620"}],"version-history":[{"count":1,"href":"https:\/\/irankiuzona.lt\/ru\/wp-json\/wp\/v2\/product\/241620\/revisions"}],"predecessor-version":[{"id":415348,"href":"https:\/\/irankiuzona.lt\/ru\/wp-json\/wp\/v2\/product\/241620\/revisions\/415348"}],"wp:featuredmedia":[{"embeddable":true,"href":"https:\/\/irankiuzona.lt\/ru\/wp-json\/wp\/v2\/media\/241622"}],"wp:attachment":[{"href":"https:\/\/irankiuzona.lt\/ru\/wp-json\/wp\/v2\/media?parent=241620"}],"wp:term":[{"taxonomy":"product_cat","embeddable":true,"href":"https:\/\/irankiuzona.lt\/ru\/wp-json\/wp\/v2\/product_cat?post=241620"},{"taxonomy":"product_tag","embeddable":true,"href":"https:\/\/irankiuzona.lt\/ru\/wp-json\/wp\/v2\/product_tag?post=241620"}],"curies":[{"name":"wp","href":"https:\/\/api.w.org\/{rel}","templated":true}]}}