{"id":241780,"date":"2024-09-29T06:20:08","date_gmt":"2024-09-29T06:20:08","guid":{"rendered":"https:\/\/irankiuzona.lt\/product\/sepetys-greztuvui-pusiau-plokscias-125-mm-m14\/"},"modified":"2026-04-05T11:28:41","modified_gmt":"2026-04-05T11:28:41","slug":"sepetys-greztuvui-pusiau-plokscias-125-mm-m14","status":"publish","type":"product","link":"https:\/\/irankiuzona.lt\/ru\/product\/sepetys-greztuvui-pusiau-plokscias-125-mm-m14\/","title":{"rendered":"\u0160epetys gr\u0119\u017etuvui pusiau plok\u0161\u010dias 125 mm, M14"},"content":{"rendered":"<p>Diametras: 125 mm<br \/>\nSriegis: M14<\/p>","protected":false},"excerpt":{"rendered":"<p>\u0160epetys gr\u0119\u017etuvui pusiau plok\u0161\u010dias 125 mm, M14<\/p>","protected":false},"featured_media":241782,"comment_status":"open","ping_status":"open","template":"","meta":[],"product_cat":[9450],"product_tag":[9628],"class_list":{"0":"post-241780","1":"product","2":"type-product","3":"status-publish","4":"has-post-thumbnail","6":"product_brand-condor-lenkija","7":"product_cat-sepeciai-greztuvui-slif-pj-irankiui","8":"product_tag-condor-lenkija","10":"first","11":"instock","12":"purchasable","13":"product-type-simple"},"jetpack_sharing_enabled":true,"_links":{"self":[{"href":"https:\/\/irankiuzona.lt\/ru\/wp-json\/wp\/v2\/product\/241780","targetHints":{"allow":["GET"]}}],"collection":[{"href":"https:\/\/irankiuzona.lt\/ru\/wp-json\/wp\/v2\/product"}],"about":[{"href":"https:\/\/irankiuzona.lt\/ru\/wp-json\/wp\/v2\/types\/product"}],"replies":[{"embeddable":true,"href":"https:\/\/irankiuzona.lt\/ru\/wp-json\/wp\/v2\/comments?post=241780"}],"version-history":[{"count":0,"href":"https:\/\/irankiuzona.lt\/ru\/wp-json\/wp\/v2\/product\/241780\/revisions"}],"wp:featuredmedia":[{"embeddable":true,"href":"https:\/\/irankiuzona.lt\/ru\/wp-json\/wp\/v2\/media\/241782"}],"wp:attachment":[{"href":"https:\/\/irankiuzona.lt\/ru\/wp-json\/wp\/v2\/media?parent=241780"}],"wp:term":[{"taxonomy":"product_cat","embeddable":true,"href":"https:\/\/irankiuzona.lt\/ru\/wp-json\/wp\/v2\/product_cat?post=241780"},{"taxonomy":"product_tag","embeddable":true,"href":"https:\/\/irankiuzona.lt\/ru\/wp-json\/wp\/v2\/product_tag?post=241780"}],"curies":[{"name":"wp","href":"https:\/\/api.w.org\/{rel}","templated":true}]}}