{"id":241810,"date":"2024-09-29T06:20:11","date_gmt":"2024-09-29T06:20:11","guid":{"rendered":"https:\/\/irankiuzona.lt\/product\/orapute-su-antgaliais-2000-w\/"},"modified":"2026-04-02T11:10:30","modified_gmt":"2026-04-02T11:10:30","slug":"orapute-su-antgaliais-2000-w","status":"publish","type":"product","link":"https:\/\/irankiuzona.lt\/ru\/product\/orapute-su-antgaliais-2000-w\/","title":{"rendered":"Orap\u016bt\u0117 su antgaliais 2000 W"},"content":{"rendered":"<p>\u012etampa: 230 V<br \/>\nGalia: 1600\/2000 W<br \/>\nOro srautas (l\/min): 300\/500 l<br \/>\nTemperat\u016bra: 380 \u00b0C \/ 600 \u00b0C<\/p>","protected":false},"excerpt":{"rendered":"<p>Orap\u016bt\u0117 su antgaliais 2000 W<\/p>","protected":false},"featured_media":241812,"comment_status":"open","ping_status":"open","template":"","meta":[],"product_cat":[9709],"product_tag":[9646],"class_list":{"0":"post-241810","1":"product","2":"type-product","3":"status-publish","4":"has-post-thumbnail","6":"product_brand-drel-lenkija","7":"product_cat-techniniai-fenai","8":"product_tag-drel-lenkija","10":"first","11":"outofstock","12":"purchasable","13":"product-type-simple"},"jetpack_sharing_enabled":true,"_links":{"self":[{"href":"https:\/\/irankiuzona.lt\/ru\/wp-json\/wp\/v2\/product\/241810","targetHints":{"allow":["GET"]}}],"collection":[{"href":"https:\/\/irankiuzona.lt\/ru\/wp-json\/wp\/v2\/product"}],"about":[{"href":"https:\/\/irankiuzona.lt\/ru\/wp-json\/wp\/v2\/types\/product"}],"replies":[{"embeddable":true,"href":"https:\/\/irankiuzona.lt\/ru\/wp-json\/wp\/v2\/comments?post=241810"}],"version-history":[{"count":0,"href":"https:\/\/irankiuzona.lt\/ru\/wp-json\/wp\/v2\/product\/241810\/revisions"}],"wp:featuredmedia":[{"embeddable":true,"href":"https:\/\/irankiuzona.lt\/ru\/wp-json\/wp\/v2\/media\/241812"}],"wp:attachment":[{"href":"https:\/\/irankiuzona.lt\/ru\/wp-json\/wp\/v2\/media?parent=241810"}],"wp:term":[{"taxonomy":"product_cat","embeddable":true,"href":"https:\/\/irankiuzona.lt\/ru\/wp-json\/wp\/v2\/product_cat?post=241810"},{"taxonomy":"product_tag","embeddable":true,"href":"https:\/\/irankiuzona.lt\/ru\/wp-json\/wp\/v2\/product_tag?post=241810"}],"curies":[{"name":"wp","href":"https:\/\/api.w.org\/{rel}","templated":true}]}}