{"id":241837,"date":"2024-09-29T06:20:13","date_gmt":"2024-09-29T06:20:13","guid":{"rendered":"https:\/\/irankiuzona.lt\/product\/graztas-plytelems-o10mm120mm\/"},"modified":"2025-02-17T18:08:15","modified_gmt":"2025-02-17T18:08:15","slug":"graztas-plytelems-o10mm120mm","status":"publish","type":"product","link":"https:\/\/irankiuzona.lt\/ru\/product\/graztas-plytelems-o10mm120mm\/","title":{"rendered":"Gr\u0105\u017etas plytel\u0117ms \u00d810mm*120mm"},"content":{"rendered":"<p>Diametras &#8211; 10 mmIlgis &#8211; 120 mmDarbinis ilgis &#8211; 72 mm<\/p>","protected":false},"excerpt":{"rendered":"<p>Gr\u0105\u017etas keramikai \u00d810mm*120mm<\/p>","protected":false},"featured_media":241839,"comment_status":"open","ping_status":"open","template":"","meta":[],"product_cat":[9775],"product_tag":[9716],"class_list":{"0":"post-241837","1":"product","2":"type-product","3":"status-publish","4":"has-post-thumbnail","6":"product_brand-jufisto-lenkija","7":"product_cat-graztai-keramikai-plytelems","8":"product_tag-jufisto-lenkija","10":"first","11":"instock","12":"purchasable","13":"product-type-simple"},"jetpack_sharing_enabled":true,"_links":{"self":[{"href":"https:\/\/irankiuzona.lt\/ru\/wp-json\/wp\/v2\/product\/241837","targetHints":{"allow":["GET"]}}],"collection":[{"href":"https:\/\/irankiuzona.lt\/ru\/wp-json\/wp\/v2\/product"}],"about":[{"href":"https:\/\/irankiuzona.lt\/ru\/wp-json\/wp\/v2\/types\/product"}],"replies":[{"embeddable":true,"href":"https:\/\/irankiuzona.lt\/ru\/wp-json\/wp\/v2\/comments?post=241837"}],"version-history":[{"count":0,"href":"https:\/\/irankiuzona.lt\/ru\/wp-json\/wp\/v2\/product\/241837\/revisions"}],"wp:featuredmedia":[{"embeddable":true,"href":"https:\/\/irankiuzona.lt\/ru\/wp-json\/wp\/v2\/media\/241839"}],"wp:attachment":[{"href":"https:\/\/irankiuzona.lt\/ru\/wp-json\/wp\/v2\/media?parent=241837"}],"wp:term":[{"taxonomy":"product_cat","embeddable":true,"href":"https:\/\/irankiuzona.lt\/ru\/wp-json\/wp\/v2\/product_cat?post=241837"},{"taxonomy":"product_tag","embeddable":true,"href":"https:\/\/irankiuzona.lt\/ru\/wp-json\/wp\/v2\/product_tag?post=241837"}],"curies":[{"name":"wp","href":"https:\/\/api.w.org\/{rel}","templated":true}]}}